{"id":283,"date":"2015-02-18T15:30:34","date_gmt":"2015-02-18T14:30:34","guid":{"rendered":"https:\/\/2015.lyon.wordcamp.org\/?page_id=283"},"modified":"2015-05-06T16:37:34","modified_gmt":"2015-05-06T14:37:34","slug":"a-propos","status":"publish","type":"page","link":"https:\/\/lyon.wordcamp.org\/2015\/a-propos\/","title":{"rendered":"A propos"},"content":{"rendered":"<p>Les \u00ab\u00a0WordCamp\u00a0\u00bb sont des \u00e9v\u00e9nements organis\u00e9s partout dans le monde par les communaut\u00e9s locales d&rsquo;utilisateurs de WordPress. Des \u00e9v\u00e9nements plut\u00f4t informels, articul\u00e9s autour de conf\u00e9rences couvrant tout ce qui touche \u00e0 WordPress, le CMS open source qui propulse <strong>plus de 75 millions de sites sur le web.<\/strong><\/p>\n<p>Ouverts \u00e0 tous, les WordCamp sont aussi bien fr\u00e9quent\u00e9s par des <strong>blogueurs<\/strong>, des <strong>d\u00e9veloppeurs<\/strong>, des <strong>consultants<\/strong>, des <strong>utilisateurs<\/strong>, des <strong>agences<\/strong> ou bien encore des <strong>\u00e9tudiants<\/strong>.<\/p>\n<p>La premi\u00e8re \u00e9dition du WordCamp Lyon aura lieu le 5 juin prochain <a title=\"Le lieu\" href=\"https:\/\/2015.lyon.wordcamp.org\/la-plateforme\/\">\u00e0 la plate-forme<\/a> et proposera une dizaine de conf\u00e9rences et d&rsquo;ateliers sur des th\u00e8mes vari\u00e9s comme <strong>le r\u00e9f\u00e9rencement naturel<\/strong>, <strong>le marketing<\/strong>, <strong>le design<\/strong>, <strong>le d\u00e9veloppement<\/strong> ou encore <strong>la s\u00e9curit\u00e9.<\/strong><\/p>\n<p>Si vous souhaitez faire partie de l&rsquo;aventure vous pouvez d\u00e9s aujourd&rsquo;hui <a title=\"Appel \u00e0 sponsors\" href=\"https:\/\/2015.lyon.wordcamp.org\/appel-a-sponsors\/\">devenir sponsor<\/a>, <a title=\"Appel \u00e0 orateurs\" href=\"https:\/\/2015.lyon.wordcamp.org\/appel-a-orateurs\/\">devenir orateur<\/a>, <a title=\"Appel \u00e0 volontaires\" href=\"https:\/\/2015.lyon.wordcamp.org\/appel-a-volontaires\/\">devenir volontaire<\/a> et bien s\u00fbr, <a title=\"Billetterie\" href=\"https:\/\/2015.lyon.wordcamp.org\/billetterie\/\">achetez vos places pour l&rsquo;\u00e9v\u00e9nement<\/a> !<\/p>\n","protected":false},"excerpt":{"rendered":"<p>Les \u00ab\u00a0WordCamp\u00a0\u00bb sont des \u00e9v\u00e9nements organis\u00e9s partout dans le monde par les communaut\u00e9s locales d&rsquo;utilisateurs de WordPress. Des \u00e9v\u00e9nements plut\u00f4t informels, articul\u00e9s autour de conf\u00e9rences couvrant tout ce qui touche \u00e0 WordPress, le CMS open source qui propulse plus de 75 millions de sites sur le web. Ouverts \u00e0 tous, les WordCamp sont aussi bien [&hellip;]<\/p>\n","protected":false},"author":8600957,"featured_media":286,"parent":0,"menu_order":0,"comment_status":"closed","ping_status":"open","template":"","meta":{"_crdt_document":"","jetpack_post_was_ever_published":false,"footnotes":""},"class_list":["post-283","page","type-page","status-publish","has-post-thumbnail","hentry"],"jetpack_sharing_enabled":true,"jetpack_shortlink":"https:\/\/wp.me\/P5ElDX-4z","_links":{"self":[{"href":"https:\/\/lyon.wordcamp.org\/2015\/wp-json\/wp\/v2\/pages\/283","targetHints":{"allow":["GET"]}}],"collection":[{"href":"https:\/\/lyon.wordcamp.org\/2015\/wp-json\/wp\/v2\/pages"}],"about":[{"href":"https:\/\/lyon.wordcamp.org\/2015\/wp-json\/wp\/v2\/types\/page"}],"author":[{"embeddable":true,"href":"https:\/\/lyon.wordcamp.org\/2015\/wp-json\/wp\/v2\/users\/8600957"}],"replies":[{"embeddable":true,"href":"https:\/\/lyon.wordcamp.org\/2015\/wp-json\/wp\/v2\/comments?post=283"}],"version-history":[{"count":7,"href":"https:\/\/lyon.wordcamp.org\/2015\/wp-json\/wp\/v2\/pages\/283\/revisions"}],"predecessor-version":[{"id":721,"href":"https:\/\/lyon.wordcamp.org\/2015\/wp-json\/wp\/v2\/pages\/283\/revisions\/721"}],"wp:featuredmedia":[{"embeddable":true,"href":"https:\/\/lyon.wordcamp.org\/2015\/wp-json\/wp\/v2\/media\/286"}],"wp:attachment":[{"href":"https:\/\/lyon.wordcamp.org\/2015\/wp-json\/wp\/v2\/media?parent=283"}],"curies":[{"name":"wp","href":"https:\/\/api.w.org\/{rel}","templated":true}]}}