{"id":9,"date":"2015-01-22T16:48:24","date_gmt":"2015-01-22T16:48:24","guid":{"rendered":"https:\/\/2015.lyon.wordcamp.org\/location\/"},"modified":"2015-02-02T19:08:26","modified_gmt":"2015-02-02T18:08:26","slug":"la-plateforme","status":"publish","type":"page","link":"https:\/\/lyon.wordcamp.org\/2015\/la-plateforme\/","title":{"rendered":"Le lieu"},"content":{"rendered":"<p>Au c\u0153ur de Lyon, sur les berges du Rh\u00f4ne, La Plateforme accueille la premi\u00e8re \u00e9dition du WordCamp Lyon de 10h \u00e0 1 heure du matin. Un lieu unique en son genre o\u00f9 se d\u00e9rouleront conf\u00e9rences et after-party jusqu&rsquo;au bout de la nuit.<\/p>\n<p><img data-recalc-dims=\"1\" loading=\"lazy\" decoding=\"async\" data-attachment-id=\"45\" data-permalink=\"https:\/\/lyon.wordcamp.org\/2015\/la-plateforme\/capture-decran-2015-02-02-a-17-44-14\/\" data-orig-file=\"https:\/\/i0.wp.com\/lyon.wordcamp.org\/2015\/files\/2015\/01\/Capture-d%E2%80%99%C3%A9cran-2015-02-02-%C3%A0-17.44.14.png?fit=947%2C371&amp;ssl=1\" data-orig-size=\"947,371\" data-comments-opened=\"1\" data-image-meta=\"{&quot;aperture&quot;:&quot;0&quot;,&quot;credit&quot;:&quot;&quot;,&quot;camera&quot;:&quot;&quot;,&quot;caption&quot;:&quot;&quot;,&quot;created_timestamp&quot;:&quot;0&quot;,&quot;copyright&quot;:&quot;&quot;,&quot;focal_length&quot;:&quot;0&quot;,&quot;iso&quot;:&quot;0&quot;,&quot;shutter_speed&quot;:&quot;0&quot;,&quot;title&quot;:&quot;&quot;,&quot;orientation&quot;:&quot;0&quot;}\" data-image-title=\"Plan lieu\" data-image-description=\"\" data-image-caption=\"\" data-large-file=\"https:\/\/i0.wp.com\/lyon.wordcamp.org\/2015\/files\/2015\/01\/Capture-d%E2%80%99%C3%A9cran-2015-02-02-%C3%A0-17.44.14.png?fit=625%2C245&amp;ssl=1\" class=\"alignnone wp-image-45 size-full\" src=\"https:\/\/i0.wp.com\/2015.lyon.wordcamp.org\/files\/2015\/01\/Capture-d%E2%80%99%C3%A9cran-2015-02-02-%C3%A0-17.44.14.png?resize=625%2C245&#038;ssl=1\" alt=\"Plan lieu\" width=\"625\" height=\"245\" srcset=\"https:\/\/i0.wp.com\/lyon.wordcamp.org\/2015\/files\/2015\/01\/Capture-d%E2%80%99%C3%A9cran-2015-02-02-%C3%A0-17.44.14.png?w=947&amp;ssl=1 947w, https:\/\/i0.wp.com\/lyon.wordcamp.org\/2015\/files\/2015\/01\/Capture-d%E2%80%99%C3%A9cran-2015-02-02-%C3%A0-17.44.14.png?resize=300%2C118&amp;ssl=1 300w, https:\/\/i0.wp.com\/lyon.wordcamp.org\/2015\/files\/2015\/01\/Capture-d%E2%80%99%C3%A9cran-2015-02-02-%C3%A0-17.44.14.png?resize=500%2C196&amp;ssl=1 500w\" sizes=\"auto, (max-width: 625px) 100vw, 625px\" \/><\/p>\n<h2>Adresse de la plateforme<\/h2>\n<p>4 Quai Victor Augagneur, 69003 Lyon<br \/>\n04 37 40 13 93<\/p>\n<h2>Plan d&rsquo;acc\u00e8s<\/h2>\n<div class=\"googlemaps\">\n\t\t\t\t<iframe loading=\"lazy\" width=\"100\" height=\"450\" frameborder=\"0\" scrolling=\"no\" marginheight=\"0\" marginwidth=\"0\"  src=\"https:\/\/www.google.com\/maps\/embed?pb=!1m14!1m8!1m3!1d2783.460634529999!2d4.840417999999999!3d45.76195800000001!3m2!1i1024!2i768!4f13.1!3m3!1m2!1s0x47f4ea58254070f5:0x82ce654c116a9dc0!2sLa%20Plateforme!5e0!3m2!1sen!2sfr!4v1422894974354\"><\/iframe>\n\t\t\t<\/div>\n","protected":false},"excerpt":{"rendered":"<p>Au c\u0153ur de Lyon, sur les berges du Rh\u00f4ne, La Plateforme accueille la premi\u00e8re \u00e9dition du WordCamp Lyon de 10h \u00e0 1 heure du matin. Un lieu unique en son genre o\u00f9 se d\u00e9rouleront conf\u00e9rences et after-party jusqu&rsquo;au bout de la nuit. Adresse de la plateforme 4 Quai Victor Augagneur, 69003 Lyon 04 37 40 [&hellip;]<\/p>\n","protected":false},"author":8600957,"featured_media":44,"parent":0,"menu_order":0,"comment_status":"closed","ping_status":"open","template":"","meta":{"_crdt_document":"","jetpack_post_was_ever_published":false,"footnotes":""},"class_list":["post-9","page","type-page","status-publish","has-post-thumbnail","hentry"],"jetpack_sharing_enabled":true,"jetpack_shortlink":"https:\/\/wp.me\/P5ElDX-9","_links":{"self":[{"href":"https:\/\/lyon.wordcamp.org\/2015\/wp-json\/wp\/v2\/pages\/9","targetHints":{"allow":["GET"]}}],"collection":[{"href":"https:\/\/lyon.wordcamp.org\/2015\/wp-json\/wp\/v2\/pages"}],"about":[{"href":"https:\/\/lyon.wordcamp.org\/2015\/wp-json\/wp\/v2\/types\/page"}],"author":[{"embeddable":true,"href":"https:\/\/lyon.wordcamp.org\/2015\/wp-json\/wp\/v2\/users\/8600957"}],"replies":[{"embeddable":true,"href":"https:\/\/lyon.wordcamp.org\/2015\/wp-json\/wp\/v2\/comments?post=9"}],"version-history":[{"count":10,"href":"https:\/\/lyon.wordcamp.org\/2015\/wp-json\/wp\/v2\/pages\/9\/revisions"}],"predecessor-version":[{"id":50,"href":"https:\/\/lyon.wordcamp.org\/2015\/wp-json\/wp\/v2\/pages\/9\/revisions\/50"}],"wp:featuredmedia":[{"embeddable":true,"href":"https:\/\/lyon.wordcamp.org\/2015\/wp-json\/wp\/v2\/media\/44"}],"wp:attachment":[{"href":"https:\/\/lyon.wordcamp.org\/2015\/wp-json\/wp\/v2\/media?parent=9"}],"curies":[{"name":"wp","href":"https:\/\/api.w.org\/{rel}","templated":true}]}}