{"id":12,"date":"2022-07-05T22:49:39","date_gmt":"2022-07-05T20:49:39","guid":{"rendered":"https:\/\/lyon.wordcamp.org\/2022\/organizers\/"},"modified":"2022-10-03T14:09:20","modified_gmt":"2022-10-03T12:09:20","slug":"les-organisateurs","status":"publish","type":"page","link":"https:\/\/lyon.wordcamp.org\/2022\/les-organisateurs\/","title":{"rendered":"Les organisateurs"},"content":{"rendered":"\n<div class=\"wp-block-cover alignfull is-light\"><span aria-hidden=\"true\" class=\"wp-block-cover__background has-white-background-color has-background-dim\"><\/span><img loading=\"lazy\" decoding=\"async\" width=\"1707\" height=\"2560\" class=\"wp-block-cover__image-background wp-image-145\" alt=\"\" src=\"https:\/\/lyon.wordcamp.org\/2022\/files\/2022\/08\/ryan-shumway-n5F3fH0lIY-unsplash-scaled.jpeg\" style=\"object-position:52% 0%\" data-object-fit=\"cover\" data-object-position=\"52% 0%\" srcset=\"https:\/\/lyon.wordcamp.org\/2022\/files\/2022\/08\/ryan-shumway-n5F3fH0lIY-unsplash-scaled.jpeg 1707w, https:\/\/lyon.wordcamp.org\/2022\/files\/2022\/08\/ryan-shumway-n5F3fH0lIY-unsplash-200x300.jpeg 200w, https:\/\/lyon.wordcamp.org\/2022\/files\/2022\/08\/ryan-shumway-n5F3fH0lIY-unsplash-683x1024.jpeg 683w, https:\/\/lyon.wordcamp.org\/2022\/files\/2022\/08\/ryan-shumway-n5F3fH0lIY-unsplash-768x1152.jpeg 768w, https:\/\/lyon.wordcamp.org\/2022\/files\/2022\/08\/ryan-shumway-n5F3fH0lIY-unsplash-1024x1536.jpeg 1024w, https:\/\/lyon.wordcamp.org\/2022\/files\/2022\/08\/ryan-shumway-n5F3fH0lIY-unsplash-1365x2048.jpeg 1365w, https:\/\/lyon.wordcamp.org\/2022\/files\/2022\/08\/ryan-shumway-n5F3fH0lIY-unsplash-1200x1800.jpeg 1200w, https:\/\/lyon.wordcamp.org\/2022\/files\/2022\/08\/ryan-shumway-n5F3fH0lIY-unsplash-1980x2970.jpeg 1980w\" sizes=\"auto, (max-width: 1707px) 100vw, 1707px\" \/><div class=\"wp-block-cover__inner-container is-layout-flow wp-block-cover-is-layout-flow\">\n<div class=\"wp-block-cover alignfull\"><span aria-hidden=\"true\" class=\"wp-block-cover__background has-vivid-red-background-color has-background-dim\"><\/span><img loading=\"lazy\" decoding=\"async\" width=\"799\" height=\"533\" class=\"wp-block-cover__image-background wp-image-353\" alt=\"\" src=\"https:\/\/lyon.wordcamp.org\/2022\/files\/2022\/08\/32930740407_b35831d7d4_c.jpg\" data-object-fit=\"cover\" srcset=\"https:\/\/lyon.wordcamp.org\/2022\/files\/2022\/08\/32930740407_b35831d7d4_c.jpg 799w, https:\/\/lyon.wordcamp.org\/2022\/files\/2022\/08\/32930740407_b35831d7d4_c-600x400.jpg 600w, https:\/\/lyon.wordcamp.org\/2022\/files\/2022\/08\/32930740407_b35831d7d4_c-300x200.jpg 300w, https:\/\/lyon.wordcamp.org\/2022\/files\/2022\/08\/32930740407_b35831d7d4_c-768x512.jpg 768w, https:\/\/lyon.wordcamp.org\/2022\/files\/2022\/08\/32930740407_b35831d7d4_c-450x300.jpg 450w\" sizes=\"auto, (max-width: 799px) 100vw, 799px\" \/><div class=\"wp-block-cover__inner-container is-layout-flow wp-block-cover-is-layout-flow\">\n<h1 class=\"has-text-align-center wp-block-heading\">Les organisateurs<\/h1>\n<\/div><\/div>\n<\/div><\/div>\n\n\n\n<p class=\"wp-block-paragraph\">Et voici la fine \u00e9quipe en charge de l&rsquo;organisation de ce WordCamp, tous b\u00e9n\u00e9voles bien entendu. Et il n&rsquo;aura fallu qu&rsquo;une discussion autour d&rsquo;un bon plat de sushis \u00e0 Porto pour lancer le projet !<\/p>\n\n\n<ul class=\"wordcamp-block wordcamp-post-list has-layout-grid wordcamp-organizers alignwide has-grid-columns-3\"><li class=\"wordcamp-post-list__post wordcamp-clearfix\">\n<div class=\"wordcamp-organizer wordcamp-organizers__post slug-cynthia-castelletti\">\n\t<h3 class=\"wordcamp-block__item-title wordcamp-organizers__title\">Cynthia Castelletti<\/h3>\n\t\t\t<div class=\"wordcamp-image__avatar-container align-none\">\n\t\t\t<img loading=\"lazy\" decoding=\"async\" width=\"400\" height=\"400\" src=\"https:\/\/lyon.wordcamp.org\/2022\/files\/2022\/08\/nKArvIi_400x400.jpeg\" class=\"attachment-400x400 size-400x400 wp-post-image\" alt=\"Avatar de Cynthia Castelletti\" srcset=\"https:\/\/lyon.wordcamp.org\/2022\/files\/2022\/08\/nKArvIi_400x400.jpeg 400w, https:\/\/lyon.wordcamp.org\/2022\/files\/2022\/08\/nKArvIi_400x400-300x300.jpeg 300w\" sizes=\"auto, (max-width: 400px) 100vw, 400px\" \/>\t\t<\/div>\n\t\n\t<\/div>\n\n<\/li><li class=\"wordcamp-post-list__post wordcamp-clearfix\">\n<div class=\"wordcamp-organizer wordcamp-organizers__post slug-emilie-lebrun\">\n\t<h3 class=\"wordcamp-block__item-title wordcamp-organizers__title\">Emilie Lebrun<\/h3>\n\t\t\t<div class=\"wordcamp-image__avatar-container align-none\">\n\t\t\t<img loading=\"lazy\" decoding=\"async\" width=\"300\" height=\"400\" src=\"https:\/\/lyon.wordcamp.org\/2022\/files\/2022\/08\/DAE97799-6A03-4C77-83D4-7980433362FD_1_105_c.jpeg\" class=\"attachment-400x400 size-400x400 wp-post-image\" alt=\"Avatar de Emilie Lebrun\" srcset=\"https:\/\/lyon.wordcamp.org\/2022\/files\/2022\/08\/DAE97799-6A03-4C77-83D4-7980433362FD_1_105_c.jpeg 768w, https:\/\/lyon.wordcamp.org\/2022\/files\/2022\/08\/DAE97799-6A03-4C77-83D4-7980433362FD_1_105_c-450x600.jpeg 450w, https:\/\/lyon.wordcamp.org\/2022\/files\/2022\/08\/DAE97799-6A03-4C77-83D4-7980433362FD_1_105_c-225x300.jpeg 225w\" sizes=\"auto, (max-width: 300px) 100vw, 300px\" \/>\t\t<\/div>\n\t\n\t<\/div>\n\n<\/li><li class=\"wordcamp-post-list__post wordcamp-clearfix\">\n<div class=\"wordcamp-organizer wordcamp-organizers__post slug-florian-truchot\">\n\t<h3 class=\"wordcamp-block__item-title wordcamp-organizers__title\">Florian Truchot<\/h3>\n\t\t\t<div class=\"wordcamp-image__avatar-container align-none\">\n\t\t\t<img loading=\"lazy\" decoding=\"async\" width=\"382\" height=\"400\" src=\"https:\/\/lyon.wordcamp.org\/2022\/files\/2022\/08\/flo.jpeg\" class=\"attachment-400x400 size-400x400 wp-post-image\" alt=\"Avatar de Florian Truchot\" srcset=\"https:\/\/lyon.wordcamp.org\/2022\/files\/2022\/08\/flo.jpeg 786w, https:\/\/lyon.wordcamp.org\/2022\/files\/2022\/08\/flo-287x300.jpeg 287w, https:\/\/lyon.wordcamp.org\/2022\/files\/2022\/08\/flo-768x804.jpeg 768w\" sizes=\"auto, (max-width: 382px) 100vw, 382px\" \/>\t\t<\/div>\n\t\n\t<\/div>\n\n<\/li><li class=\"wordcamp-post-list__post wordcamp-clearfix\">\n<div class=\"wordcamp-organizer wordcamp-organizers__post slug-jonathan-buttigieg\">\n\t<h3 class=\"wordcamp-block__item-title wordcamp-organizers__title\">Jonathan Buttigieg<\/h3>\n\t\t\t<div class=\"wordcamp-image__avatar-container align-none\">\n\t\t\t<img loading=\"lazy\" decoding=\"async\" width=\"400\" height=\"400\" src=\"https:\/\/lyon.wordcamp.org\/2022\/files\/2022\/08\/70yYcBW8_400x400.jpeg\" class=\"attachment-400x400 size-400x400 wp-post-image\" alt=\"Avatar de Jonathan Buttigieg\" srcset=\"https:\/\/lyon.wordcamp.org\/2022\/files\/2022\/08\/70yYcBW8_400x400.jpeg 400w, https:\/\/lyon.wordcamp.org\/2022\/files\/2022\/08\/70yYcBW8_400x400-300x300.jpeg 300w\" sizes=\"auto, (max-width: 400px) 100vw, 400px\" \/>\t\t<\/div>\n\t\n\t<\/div>\n\n<\/li><li class=\"wordcamp-post-list__post wordcamp-clearfix\">\n<div class=\"wordcamp-organizer wordcamp-organizers__post slug-maxime-bernard-jacquet\">\n\t<h3 class=\"wordcamp-block__item-title wordcamp-organizers__title\">Maxime Bernard-Jacquet<\/h3>\n\t\t\t<div class=\"wordcamp-image__avatar-container align-none\">\n\t\t\t<img loading=\"lazy\" decoding=\"async\" width=\"400\" height=\"400\" src=\"https:\/\/lyon.wordcamp.org\/2022\/files\/2022\/08\/profil-2019-M7-768x768.jpg\" class=\"attachment-400x400 size-400x400 wp-post-image\" alt=\"Avatar de Maxime Bernard-Jacquet\" srcset=\"https:\/\/lyon.wordcamp.org\/2022\/files\/2022\/08\/profil-2019-M7-768x768.jpg 768w, https:\/\/lyon.wordcamp.org\/2022\/files\/2022\/08\/profil-2019-M7-300x300.jpg 300w, https:\/\/lyon.wordcamp.org\/2022\/files\/2022\/08\/profil-2019-M7-1024x1024.jpg 1024w, https:\/\/lyon.wordcamp.org\/2022\/files\/2022\/08\/profil-2019-M7-150x150.jpg 150w, https:\/\/lyon.wordcamp.org\/2022\/files\/2022\/08\/profil-2019-M7-1536x1536.jpg 1536w, https:\/\/lyon.wordcamp.org\/2022\/files\/2022\/08\/profil-2019-M7-1200x1200.jpg 1200w, https:\/\/lyon.wordcamp.org\/2022\/files\/2022\/08\/profil-2019-M7-1980x1980.jpg 1980w, https:\/\/lyon.wordcamp.org\/2022\/files\/2022\/08\/profil-2019-M7.jpg 2000w\" sizes=\"auto, (max-width: 400px) 100vw, 400px\" \/>\t\t<\/div>\n\t\n\t<\/div>\n\n<\/li><li class=\"wordcamp-post-list__post wordcamp-clearfix\">\n<div class=\"wordcamp-organizer wordcamp-organizers__post slug-maxime-culea\">\n\t<h3 class=\"wordcamp-block__item-title wordcamp-organizers__title\">Maxime Culea<\/h3>\n\t\t\t<div class=\"wordcamp-image__avatar-container align-none\">\n\t\t\t<img loading=\"lazy\" decoding=\"async\" width=\"400\" height=\"400\" src=\"https:\/\/lyon.wordcamp.org\/2022\/files\/2022\/08\/maxime_culea.jpg\" class=\"attachment-400x400 size-400x400 wp-post-image\" alt=\"Avatar de Maxime Culea\" srcset=\"https:\/\/lyon.wordcamp.org\/2022\/files\/2022\/08\/maxime_culea.jpg 400w, https:\/\/lyon.wordcamp.org\/2022\/files\/2022\/08\/maxime_culea-300x300.jpg 300w\" sizes=\"auto, (max-width: 400px) 100vw, 400px\" \/>\t\t<\/div>\n\t\n\t<\/div>\n\n<\/li><li class=\"wordcamp-post-list__post wordcamp-clearfix\">\n<div class=\"wordcamp-organizer wordcamp-organizers__post slug-maxime-megank\">\n\t<h3 class=\"wordcamp-block__item-title wordcamp-organizers__title\">Maxime Meganck<\/h3>\n\t\t\t<div class=\"wordcamp-image__avatar-container align-none\">\n\t\t\t<img loading=\"lazy\" decoding=\"async\" width=\"276\" height=\"276\" src=\"https:\/\/lyon.wordcamp.org\/2022\/files\/2022\/08\/abeef631829377.6228de4c24543.jpg\" class=\"attachment-400x400 size-400x400 wp-post-image\" alt=\"Avatar de Maxime Meganck\" \/>\t\t<\/div>\n\t\n\t<\/div>\n\n<\/li><\/ul>","protected":false},"excerpt":{"rendered":"<p>Et voici la fine \u00e9quipe en charge de l&rsquo;organisation de ce WordCamp, tous b\u00e9n\u00e9voles bien entendu. Et il n&rsquo;aura fallu qu&rsquo;une discussion autour d&rsquo;un bon plat de sushis \u00e0 Porto pour lancer le projet !<\/p>\n","protected":false},"author":11529014,"featured_media":0,"parent":0,"menu_order":0,"comment_status":"closed","ping_status":"closed","template":"","meta":{"_crdt_document":"","jetpack_post_was_ever_published":false,"footnotes":""},"class_list":["post-12","page","type-page","status-publish","hentry"],"jetpack_sharing_enabled":true,"_links":{"self":[{"href":"https:\/\/lyon.wordcamp.org\/2022\/wp-json\/wp\/v2\/pages\/12","targetHints":{"allow":["GET"]}}],"collection":[{"href":"https:\/\/lyon.wordcamp.org\/2022\/wp-json\/wp\/v2\/pages"}],"about":[{"href":"https:\/\/lyon.wordcamp.org\/2022\/wp-json\/wp\/v2\/types\/page"}],"author":[{"embeddable":true,"href":"https:\/\/lyon.wordcamp.org\/2022\/wp-json\/wp\/v2\/users\/11529014"}],"replies":[{"embeddable":true,"href":"https:\/\/lyon.wordcamp.org\/2022\/wp-json\/wp\/v2\/comments?post=12"}],"version-history":[{"count":16,"href":"https:\/\/lyon.wordcamp.org\/2022\/wp-json\/wp\/v2\/pages\/12\/revisions"}],"predecessor-version":[{"id":1811,"href":"https:\/\/lyon.wordcamp.org\/2022\/wp-json\/wp\/v2\/pages\/12\/revisions\/1811"}],"wp:attachment":[{"href":"https:\/\/lyon.wordcamp.org\/2022\/wp-json\/wp\/v2\/media?parent=12"}],"curies":[{"name":"wp","href":"https:\/\/api.w.org\/{rel}","templated":true}]}}