{"id":1306,"date":"2022-09-22T17:00:58","date_gmt":"2022-09-22T15:00:58","guid":{"rendered":"https:\/\/lyon.wordcamp.org\/2022\/?page_id=1306"},"modified":"2022-09-22T17:42:42","modified_gmt":"2022-09-22T15:42:42","slug":"ou-dormir-a-lyon","status":"publish","type":"page","link":"https:\/\/lyon.wordcamp.org\/2022\/ou-dormir-a-lyon\/","title":{"rendered":"O\u00f9 dormir \u00e0 Lyon ?"},"content":{"rendered":"\n<div class=\"wp-block-cover alignfull is-light\"><span aria-hidden=\"true\" class=\"wp-block-cover__background has-background-dim\"><\/span><img loading=\"lazy\" decoding=\"async\" width=\"1707\" height=\"2560\" class=\"wp-block-cover__image-background wp-image-145\" alt=\"\" src=\"https:\/\/lyon.wordcamp.org\/2022\/files\/2022\/08\/ryan-shumway-n5F3fH0lIY-unsplash-scaled.jpeg\" style=\"object-position:52% 0%\" data-object-fit=\"cover\" data-object-position=\"52% 0%\" srcset=\"https:\/\/lyon.wordcamp.org\/2022\/files\/2022\/08\/ryan-shumway-n5F3fH0lIY-unsplash-scaled.jpeg 1707w, https:\/\/lyon.wordcamp.org\/2022\/files\/2022\/08\/ryan-shumway-n5F3fH0lIY-unsplash-200x300.jpeg 200w, https:\/\/lyon.wordcamp.org\/2022\/files\/2022\/08\/ryan-shumway-n5F3fH0lIY-unsplash-683x1024.jpeg 683w, https:\/\/lyon.wordcamp.org\/2022\/files\/2022\/08\/ryan-shumway-n5F3fH0lIY-unsplash-768x1152.jpeg 768w, https:\/\/lyon.wordcamp.org\/2022\/files\/2022\/08\/ryan-shumway-n5F3fH0lIY-unsplash-1024x1536.jpeg 1024w, https:\/\/lyon.wordcamp.org\/2022\/files\/2022\/08\/ryan-shumway-n5F3fH0lIY-unsplash-1365x2048.jpeg 1365w, https:\/\/lyon.wordcamp.org\/2022\/files\/2022\/08\/ryan-shumway-n5F3fH0lIY-unsplash-1200x1800.jpeg 1200w, https:\/\/lyon.wordcamp.org\/2022\/files\/2022\/08\/ryan-shumway-n5F3fH0lIY-unsplash-1980x2970.jpeg 1980w\" sizes=\"auto, (max-width: 1707px) 100vw, 1707px\" \/><div class=\"wp-block-cover__inner-container is-layout-flow wp-block-cover-is-layout-flow\">\n<div class=\"wp-block-cover is-light\" style=\"min-height:310px;aspect-ratio:unset;\"><span aria-hidden=\"true\" class=\"wp-block-cover__background has-vivid-red-background-color has-background-dim\"><\/span><img loading=\"lazy\" decoding=\"async\" width=\"2560\" height=\"1707\" class=\"wp-block-cover__image-background wp-image-1315\" alt=\"Chambre d'h\u00f4tel pour le WordCamp Lyon\" src=\"https:\/\/lyon.wordcamp.org\/2022\/files\/2022\/09\/hotel-wordcamp-lyon-scaled.jpg\" style=\"object-position:51% 60%\" data-object-fit=\"cover\" data-object-position=\"51% 60%\" srcset=\"https:\/\/lyon.wordcamp.org\/2022\/files\/2022\/09\/hotel-wordcamp-lyon-scaled.jpg 2560w, https:\/\/lyon.wordcamp.org\/2022\/files\/2022\/09\/hotel-wordcamp-lyon-600x400.jpg 600w, https:\/\/lyon.wordcamp.org\/2022\/files\/2022\/09\/hotel-wordcamp-lyon-1200x800.jpg 1200w, https:\/\/lyon.wordcamp.org\/2022\/files\/2022\/09\/hotel-wordcamp-lyon-300x200.jpg 300w, https:\/\/lyon.wordcamp.org\/2022\/files\/2022\/09\/hotel-wordcamp-lyon-768x512.jpg 768w, https:\/\/lyon.wordcamp.org\/2022\/files\/2022\/09\/hotel-wordcamp-lyon-450x300.jpg 450w, https:\/\/lyon.wordcamp.org\/2022\/files\/2022\/09\/hotel-wordcamp-lyon-1536x1024.jpg 1536w, https:\/\/lyon.wordcamp.org\/2022\/files\/2022\/09\/hotel-wordcamp-lyon-2048x1365.jpg 2048w\" sizes=\"auto, (max-width: 2560px) 100vw, 2560px\" \/><div class=\"wp-block-cover__inner-container is-layout-flow wp-block-cover-is-layout-flow\">\n<h1 class=\"has-text-align-center has-x-large-font-size wp-block-heading\">O\u00f9 dormir pendant le WordCamp ?<\/h1>\n<\/div><\/div>\n<\/div><\/div>\n\n\n\n<p class=\"wp-block-paragraph\">Plusieurs options s&rsquo;offrent \u00e0 vous en mati\u00e8re d&rsquo;h\u00e9bergements \u00e0 Lyon. Pour vous aider, voici quelques adresses (liste non exhaustive) \u00e0 proximit\u00e9 du lieu o\u00f9 se d\u00e9roulera le <strong>WordCamp Lyon<\/strong> &#8211; <a rel=\"noreferrer noopener\" href=\"https:\/\/lyon.wordcamp.org\/2022\/lieu\/\" target=\"_blank\">L&rsquo;Embarcad\u00e8re<\/a> :<\/p>\n\n\n\n<h2 class=\"wp-block-heading\">Aparthotel Adagio Lyon Patio Confluence<\/h2>\n\n\n\n<p class=\"wp-block-paragraph\">50 Cr Charlemagne, 69002 Lyon<br><a rel=\"noreferrer noopener\" href=\"https:\/\/www.adagio-city.com\/fr\/hotel-B903-aparthotel-adagio-lyon-confluence\/index.shtml\" target=\"_blank\">Site Internet<\/a><\/p>\n\n\n\n<h2 class=\"wp-block-heading\" id=\"showMap2\">ibis Styles Lyon Confluence<\/h2>\n\n\n\n<p class=\"wp-block-paragraph\">26 Quai Perrache, 69002 Lyon<\/p>\n\n\n\n<p class=\"wp-block-paragraph\"><a rel=\"noreferrer noopener\" href=\"https:\/\/all.accor.com\/hotel\/9659\/index.fr.shtml\" data-type=\"URL\" data-id=\"https:\/\/all.accor.com\/hotel\/9659\/index.fr.shtml\" target=\"_blank\">Site Internet<\/a><a href=\"https:\/\/www.booking.com\/hotel\/fr\/quality-suites-lyon-confluence.fr.html?aid=304142&amp;label=gen173nr-1DCAEoggI46AdIM1gEaE2IAQGYAQ24AQfIAQzYAQPoAQGIAgGoAgO4As3vrJkGwAIB0gIkMGE3NzUxNDgtZGVmZi00YzFlLWJjZWQtNTg3MjI3M2Q1MGNj2AIE4AIB&amp;sid=cf25341860077b089388bc6c85abfd0e&amp;atlas_src=sr_iw_btn;checkin=2022-10-28;checkout=2022-10-29;dest_id=-1448468;dest_type=city;dist=0;group_adults=1;group_children=0;highlighted_blocks=44147713_94466612_2_2_0;nflt=oos%3D1;no_rooms=1;room1=A;sb_price_type=total;type=total;ucfs=1&amp;#map_opened-hotel_address\"><\/a><\/p>\n\n\n\n<h2 class=\"wp-block-heading\">Keystone H\u00f4tel<\/h2>\n\n\n\n<p class=\"wp-block-paragraph\">17 Rue Casimir P\u00e9rier, 69002 Lyon<\/p>\n\n\n\n<p class=\"wp-block-paragraph\"><a rel=\"noreferrer noopener\" href=\"https:\/\/www.hotel-keystone.com\/fr\/\" target=\"_blank\">Site Internet<\/a><\/p>\n\n\n\n<h2 class=\"wp-block-heading\">Novotel Lyon Confluence<\/h2>\n\n\n\n<p class=\"wp-block-paragraph\">3 Rue Paul Montrochet, 69002 Lyon<\/p>\n\n\n\n<p class=\"wp-block-paragraph\"><a rel=\"noreferrer noopener\" href=\"https:\/\/all.accor.com\/ssr\/app\/accor\/rates\/7325\/index.en.shtml\" target=\"_blank\">Site Internet<\/a><\/p>\n\n\n\n<h2 class=\"wp-block-heading\">H\u00f4tel Mercure Lyon Centre Ch\u00e2teau Perrache<\/h2>\n\n\n\n<p class=\"wp-block-paragraph\">Esplanade De La Gare, 12 Cr de Verdun Rambaud, 69002 Lyon<\/p>\n\n\n\n<p class=\"wp-block-paragraph\"><a rel=\"noreferrer noopener\" href=\"https:\/\/all.accor.com\/ssr\/app\/accor\/rates\/1292\/index.en.shtml\" target=\"_blank\">Site Internet<\/a><\/p>\n\n\n\n<h2 class=\"wp-block-heading\">Greet hotel Lyon Confluence<\/h2>\n\n\n\n<p class=\"wp-block-paragraph\">26 Cr de Verdun Perrache, 69002 Lyon<\/p>\n\n\n\n<p class=\"wp-block-paragraph\"><a rel=\"noreferrer noopener\" href=\"https:\/\/all.accor.com\/hotel\/B6G4\/index.fr.shtml\" target=\"_blank\">Site Internet<\/a><\/p>\n","protected":false},"excerpt":{"rendered":"<p>Plusieurs options s&rsquo;offrent \u00e0 vous en mati\u00e8re d&rsquo;h\u00e9bergements \u00e0 Lyon. Pour vous aider, voici quelques adresses (liste non exhaustive) \u00e0 proximit\u00e9 du lieu o\u00f9 se d\u00e9roulera le WordCamp Lyon &#8211; L&rsquo;Embarcad\u00e8re : Aparthotel Adagio Lyon Patio Confluence 50 Cr Charlemagne, 69002 LyonSite Internet ibis Styles Lyon Confluence 26 Quai Perrache, 69002 Lyon Site Internet Keystone [&hellip;]<\/p>\n","protected":false},"author":18542445,"featured_media":0,"parent":0,"menu_order":0,"comment_status":"closed","ping_status":"closed","template":"","meta":{"_crdt_document":"","jetpack_post_was_ever_published":false,"footnotes":""},"class_list":["post-1306","page","type-page","status-publish","hentry"],"jetpack_sharing_enabled":true,"_links":{"self":[{"href":"https:\/\/lyon.wordcamp.org\/2022\/wp-json\/wp\/v2\/pages\/1306","targetHints":{"allow":["GET"]}}],"collection":[{"href":"https:\/\/lyon.wordcamp.org\/2022\/wp-json\/wp\/v2\/pages"}],"about":[{"href":"https:\/\/lyon.wordcamp.org\/2022\/wp-json\/wp\/v2\/types\/page"}],"author":[{"embeddable":true,"href":"https:\/\/lyon.wordcamp.org\/2022\/wp-json\/wp\/v2\/users\/18542445"}],"replies":[{"embeddable":true,"href":"https:\/\/lyon.wordcamp.org\/2022\/wp-json\/wp\/v2\/comments?post=1306"}],"version-history":[{"count":12,"href":"https:\/\/lyon.wordcamp.org\/2022\/wp-json\/wp\/v2\/pages\/1306\/revisions"}],"predecessor-version":[{"id":1367,"href":"https:\/\/lyon.wordcamp.org\/2022\/wp-json\/wp\/v2\/pages\/1306\/revisions\/1367"}],"wp:attachment":[{"href":"https:\/\/lyon.wordcamp.org\/2022\/wp-json\/wp\/v2\/media?parent=1306"}],"curies":[{"name":"wp","href":"https:\/\/api.w.org\/{rel}","templated":true}]}}