{"id":1311,"date":"2022-09-22T17:00:09","date_gmt":"2022-09-22T15:00:09","guid":{"rendered":"https:\/\/lyon.wordcamp.org\/2022\/?page_id=1311"},"modified":"2022-09-29T18:06:08","modified_gmt":"2022-09-29T16:06:08","slug":"decouvrir-lyon","status":"publish","type":"page","link":"https:\/\/lyon.wordcamp.org\/2022\/decouvrir-lyon\/","title":{"rendered":"D\u00e9couvrir Lyon"},"content":{"rendered":"\n<div class=\"wp-block-cover alignfull is-light\"><span aria-hidden=\"true\" class=\"wp-block-cover__background has-background-dim\"><\/span><img loading=\"lazy\" decoding=\"async\" width=\"1707\" height=\"2560\" class=\"wp-block-cover__image-background wp-image-145\" alt=\"\" src=\"https:\/\/lyon.wordcamp.org\/2022\/files\/2022\/08\/ryan-shumway-n5F3fH0lIY-unsplash-scaled.jpeg\" data-object-fit=\"cover\" srcset=\"https:\/\/lyon.wordcamp.org\/2022\/files\/2022\/08\/ryan-shumway-n5F3fH0lIY-unsplash-scaled.jpeg 1707w, https:\/\/lyon.wordcamp.org\/2022\/files\/2022\/08\/ryan-shumway-n5F3fH0lIY-unsplash-200x300.jpeg 200w, https:\/\/lyon.wordcamp.org\/2022\/files\/2022\/08\/ryan-shumway-n5F3fH0lIY-unsplash-683x1024.jpeg 683w, https:\/\/lyon.wordcamp.org\/2022\/files\/2022\/08\/ryan-shumway-n5F3fH0lIY-unsplash-768x1152.jpeg 768w, https:\/\/lyon.wordcamp.org\/2022\/files\/2022\/08\/ryan-shumway-n5F3fH0lIY-unsplash-1024x1536.jpeg 1024w, https:\/\/lyon.wordcamp.org\/2022\/files\/2022\/08\/ryan-shumway-n5F3fH0lIY-unsplash-1365x2048.jpeg 1365w, https:\/\/lyon.wordcamp.org\/2022\/files\/2022\/08\/ryan-shumway-n5F3fH0lIY-unsplash-1200x1800.jpeg 1200w, https:\/\/lyon.wordcamp.org\/2022\/files\/2022\/08\/ryan-shumway-n5F3fH0lIY-unsplash-1980x2970.jpeg 1980w\" sizes=\"auto, (max-width: 1707px) 100vw, 1707px\" \/><div class=\"wp-block-cover__inner-container is-layout-flow wp-block-cover-is-layout-flow\">\n<div class=\"wp-block-cover is-light\" style=\"min-height:325px;aspect-ratio:unset;\"><span aria-hidden=\"true\" class=\"wp-block-cover__background has-vivid-red-background-color has-background-dim\"><\/span><img loading=\"lazy\" decoding=\"async\" width=\"2560\" height=\"1709\" class=\"wp-block-cover__image-background wp-image-1324\" alt=\"\" src=\"https:\/\/lyon.wordcamp.org\/2022\/files\/2022\/09\/visiter-wordcamp-lyon-scaled.jpg\" style=\"object-position:49% 75%\" data-object-fit=\"cover\" data-object-position=\"49% 75%\" srcset=\"https:\/\/lyon.wordcamp.org\/2022\/files\/2022\/09\/visiter-wordcamp-lyon-scaled.jpg 2560w, https:\/\/lyon.wordcamp.org\/2022\/files\/2022\/09\/visiter-wordcamp-lyon-600x401.jpg 600w, https:\/\/lyon.wordcamp.org\/2022\/files\/2022\/09\/visiter-wordcamp-lyon-1200x801.jpg 1200w, https:\/\/lyon.wordcamp.org\/2022\/files\/2022\/09\/visiter-wordcamp-lyon-300x200.jpg 300w, https:\/\/lyon.wordcamp.org\/2022\/files\/2022\/09\/visiter-wordcamp-lyon-768x513.jpg 768w, https:\/\/lyon.wordcamp.org\/2022\/files\/2022\/09\/visiter-wordcamp-lyon-449x300.jpg 449w, https:\/\/lyon.wordcamp.org\/2022\/files\/2022\/09\/visiter-wordcamp-lyon-1536x1025.jpg 1536w, https:\/\/lyon.wordcamp.org\/2022\/files\/2022\/09\/visiter-wordcamp-lyon-2048x1367.jpg 2048w\" sizes=\"auto, (max-width: 2560px) 100vw, 2560px\" \/><div class=\"wp-block-cover__inner-container is-layout-flow wp-block-cover-is-layout-flow\">\n<h1 class=\"has-text-align-center has-large-font-size wp-block-heading\">Profitez du WordCamp pour visiter Lyon<\/h1>\n<\/div><\/div>\n<\/div><\/div>\n\n\n\n<p class=\"wp-block-paragraph\">Votre passage \u00e0 Lyon \u00e0 l&rsquo;occasion du WordCamp sera peut-\u00eatre prolong\u00e9 pour vous permettre de d\u00e9couvrir la ville.<\/p>\n\n\n\n<p class=\"wp-block-paragraph\">Si tel est le cas, voici quelques adresses et curiosit\u00e9s qui pourraient \u00e9gayer vos sens pendant votre s\u00e9jour :<\/p>\n\n\n\n<div class=\"wp-block-media-text alignwide has-media-on-the-right is-stacked-on-mobile\" style=\"padding-top:var(--wp--preset--spacing--80);padding-bottom:var(--wp--preset--spacing--80)\"><div class=\"wp-block-media-text__content\">\n<h2 class=\"wp-block-heading\">Le Vieux Lyon<\/h2>\n\n\n\n<p class=\"wp-block-paragraph\">Vous serez transport\u00e9s \u00e0 l&rsquo;\u00e9poque M\u00e9di\u00e9vale d&rsquo;une part, et \u00e0 la Renaissance de l&rsquo;autre. C&rsquo;est un quartier historique \u00e0 ne manquer sous aucun pr\u00e9texte et c&rsquo;est rien de le dire puisqu&rsquo;il est class\u00e9 au patrimoine de l&rsquo;UNESCO.<\/p>\n\n\n\n<p class=\"wp-block-paragraph\">\u00c0 vous les rues pav\u00e9es, sa cath\u00e9drale Saint-Jean-Baptiste et les c\u00e9l\u00e8bres <a rel=\"noreferrer noopener\" href=\"https:\/\/lesbouchonslyonnais.org\/\" target=\"_blank\">bouchons lyonnais<\/a>.<\/p>\n<\/div><figure class=\"wp-block-media-text__media\"><img loading=\"lazy\" decoding=\"async\" width=\"1920\" height=\"2560\" src=\"https:\/\/lyon.wordcamp.org\/2022\/files\/2022\/09\/vieux-lyon-wordcamp-scaled.jpg\" alt=\"\" class=\"wp-image-1339 size-full\" srcset=\"https:\/\/lyon.wordcamp.org\/2022\/files\/2022\/09\/vieux-lyon-wordcamp-scaled.jpg 1920w, https:\/\/lyon.wordcamp.org\/2022\/files\/2022\/09\/vieux-lyon-wordcamp-450x600.jpg 450w, https:\/\/lyon.wordcamp.org\/2022\/files\/2022\/09\/vieux-lyon-wordcamp-900x1200.jpg 900w, https:\/\/lyon.wordcamp.org\/2022\/files\/2022\/09\/vieux-lyon-wordcamp-225x300.jpg 225w, https:\/\/lyon.wordcamp.org\/2022\/files\/2022\/09\/vieux-lyon-wordcamp-768x1024.jpg 768w, https:\/\/lyon.wordcamp.org\/2022\/files\/2022\/09\/vieux-lyon-wordcamp-1152x1536.jpg 1152w, https:\/\/lyon.wordcamp.org\/2022\/files\/2022\/09\/vieux-lyon-wordcamp-1536x2048.jpg 1536w\" sizes=\"auto, (max-width: 1920px) 100vw, 1920px\" \/><\/figure><\/div>\n\n\n\n<h2 class=\"wp-block-heading\">Fourvi\u00e8re<\/h2>\n\n\n\n<figure class=\"wp-block-image aligncenter size-full\"><img loading=\"lazy\" decoding=\"async\" width=\"2560\" height=\"1707\" src=\"https:\/\/lyon.wordcamp.org\/2022\/files\/2022\/09\/fourviere-wordcamp-lyon-scaled.jpg\" alt=\"\" class=\"wp-image-1341\" srcset=\"https:\/\/lyon.wordcamp.org\/2022\/files\/2022\/09\/fourviere-wordcamp-lyon-scaled.jpg 2560w, https:\/\/lyon.wordcamp.org\/2022\/files\/2022\/09\/fourviere-wordcamp-lyon-600x400.jpg 600w, https:\/\/lyon.wordcamp.org\/2022\/files\/2022\/09\/fourviere-wordcamp-lyon-1200x800.jpg 1200w, https:\/\/lyon.wordcamp.org\/2022\/files\/2022\/09\/fourviere-wordcamp-lyon-300x200.jpg 300w, https:\/\/lyon.wordcamp.org\/2022\/files\/2022\/09\/fourviere-wordcamp-lyon-768x512.jpg 768w, https:\/\/lyon.wordcamp.org\/2022\/files\/2022\/09\/fourviere-wordcamp-lyon-450x300.jpg 450w, https:\/\/lyon.wordcamp.org\/2022\/files\/2022\/09\/fourviere-wordcamp-lyon-1536x1024.jpg 1536w, https:\/\/lyon.wordcamp.org\/2022\/files\/2022\/09\/fourviere-wordcamp-lyon-2048x1365.jpg 2048w\" sizes=\"auto, (max-width: 2560px) 100vw, 2560px\" \/><figcaption class=\"wp-element-caption\">Photo by <a href=\"https:\/\/unsplash.com\/ja\/@thomasdubet?utm_source=unsplash&amp;utm_medium=referral&amp;utm_content=creditCopyText\">Thomas Dubet<\/a> on <a href=\"https:\/\/unsplash.com\/s\/photos\/fourvi%C3%A8re-lyon?utm_source=unsplash&amp;utm_medium=referral&amp;utm_content=creditCopyText\">Unsplash<\/a><\/figcaption><\/figure>\n\n\n\n<p class=\"wp-block-paragraph\">Ceci n&rsquo;est pas une erreur de frappe, il s&rsquo;agit bien de Fourvi\u00e8re avec sa colline et sa basilique sur les hauteurs de la ville.<\/p>\n\n\n\n<p class=\"wp-block-paragraph\">L&rsquo;acc\u00e8s est assez sportif, du fait de ses routes pentues, mais vaut vraiment le d\u00e9tour. Apr\u00e8s l&rsquo;effort, le r\u00e9confort : la vue et les papilles.<\/p>\n\n\n\n<p class=\"wp-block-paragraph\">Faites une pause gourmande au <a rel=\"noreferrer noopener\" href=\"https:\/\/www.bullerestaurantfourviere.fr\/\" target=\"_blank\">Bulle Restaurant<\/a>, restaurant bistro-gastronomique&nbsp;du chef \u00e9toil\u00e9 et meilleur ouvrier de France&nbsp;GUY LASSAUSAIE ; vous nous en direz des nouvelles.<\/p>\n\n\n\n<h2 class=\"wp-block-heading\">La place Bellecour<\/h2>\n\n\n\n<figure class=\"wp-block-image aligncenter size-full\"><img loading=\"lazy\" decoding=\"async\" width=\"1920\" height=\"1440\" src=\"https:\/\/lyon.wordcamp.org\/2022\/files\/2022\/09\/bellecour-wordcamp-lyon.jpg\" alt=\"\" class=\"wp-image-1342\" srcset=\"https:\/\/lyon.wordcamp.org\/2022\/files\/2022\/09\/bellecour-wordcamp-lyon.jpg 1920w, https:\/\/lyon.wordcamp.org\/2022\/files\/2022\/09\/bellecour-wordcamp-lyon-600x450.jpg 600w, https:\/\/lyon.wordcamp.org\/2022\/files\/2022\/09\/bellecour-wordcamp-lyon-1200x900.jpg 1200w, https:\/\/lyon.wordcamp.org\/2022\/files\/2022\/09\/bellecour-wordcamp-lyon-300x225.jpg 300w, https:\/\/lyon.wordcamp.org\/2022\/files\/2022\/09\/bellecour-wordcamp-lyon-768x576.jpg 768w, https:\/\/lyon.wordcamp.org\/2022\/files\/2022\/09\/bellecour-wordcamp-lyon-400x300.jpg 400w, https:\/\/lyon.wordcamp.org\/2022\/files\/2022\/09\/bellecour-wordcamp-lyon-1536x1152.jpg 1536w\" sizes=\"auto, (max-width: 1920px) 100vw, 1920px\" \/><figcaption class=\"wp-element-caption\">Image par <a href=\"https:\/\/pixabay.com\/fr\/users\/magnaduf-618924\/?utm_source=link-attribution&amp;utm_medium=referral&amp;utm_campaign=image&amp;utm_content=1005953\">Magnaduf<\/a> de <a href=\"https:\/\/pixabay.com\/fr\/\/?utm_source=link-attribution&amp;utm_medium=referral&amp;utm_campaign=image&amp;utm_content=1005953\">Pixabay<\/a><\/figcaption><\/figure>\n\n\n\n<p class=\"wp-block-paragraph\">Connaissez-vous la plus grande place pi\u00e9tonne d&rsquo;Europe ? Eh oui, il s&rsquo;agit bien de la place Bellecour, recouverte de terre rouge !<\/p>\n\n\n\n<p class=\"wp-block-paragraph\">Point de rendez-vous id\u00e9al pour faire du shopping, trouver un bar sympa ou simplement profiter de son ambiance singuli\u00e8re et ch\u00e8re aux Lyonnais.<\/p>\n\n\n\n<p class=\"wp-block-paragraph\">Vous y trouverez \u00e9galement les statues de Louis XIV sur son cheval et du Petit Prince et Antoine de Saint-Exup\u00e9ry.<\/p>\n\n\n\n<h2 class=\"wp-block-heading\">La presqu&rsquo;\u00eele<\/h2>\n\n\n\n<figure class=\"wp-block-image aligncenter size-full\"><img loading=\"lazy\" decoding=\"async\" width=\"2560\" height=\"1440\" src=\"https:\/\/lyon.wordcamp.org\/2022\/files\/2022\/09\/terreaux-wordcamp-lyon-scaled.jpg\" alt=\"\" class=\"wp-image-1343\" srcset=\"https:\/\/lyon.wordcamp.org\/2022\/files\/2022\/09\/terreaux-wordcamp-lyon-scaled.jpg 2560w, https:\/\/lyon.wordcamp.org\/2022\/files\/2022\/09\/terreaux-wordcamp-lyon-600x338.jpg 600w, https:\/\/lyon.wordcamp.org\/2022\/files\/2022\/09\/terreaux-wordcamp-lyon-1200x675.jpg 1200w, https:\/\/lyon.wordcamp.org\/2022\/files\/2022\/09\/terreaux-wordcamp-lyon-300x169.jpg 300w, https:\/\/lyon.wordcamp.org\/2022\/files\/2022\/09\/terreaux-wordcamp-lyon-768x432.jpg 768w, https:\/\/lyon.wordcamp.org\/2022\/files\/2022\/09\/terreaux-wordcamp-lyon-500x281.jpg 500w, https:\/\/lyon.wordcamp.org\/2022\/files\/2022\/09\/terreaux-wordcamp-lyon-1536x864.jpg 1536w, https:\/\/lyon.wordcamp.org\/2022\/files\/2022\/09\/terreaux-wordcamp-lyon-2048x1152.jpg 2048w\" sizes=\"auto, (max-width: 2560px) 100vw, 2560px\" \/><figcaption class=\"wp-element-caption\">Photo by <a href=\"https:\/\/unsplash.com\/@passimage?utm_source=unsplash&amp;utm_medium=referral&amp;utm_content=creditCopyText\">pass-\u00b0 \u00b0-Imagination<\/a> on <a href=\"https:\/\/unsplash.com\/s\/photos\/place-des-terreaux-lyon?utm_source=unsplash&amp;utm_medium=referral&amp;utm_content=creditCopyText\">Unsplash<\/a><\/figcaption><\/figure>\n\n\n\n<p class=\"wp-block-paragraph\">La place Bellecour se trouve elle-m\u00eame sur la presqu&rsquo;\u00eele.<\/p>\n\n\n\n<p class=\"wp-block-paragraph\">En plus de cette derni\u00e8re, vous d\u00e9couvrirez :<\/p>\n\n\n\n<ul class=\"wp-block-list\">\n<li>L\u2019h\u00f4tel de ville<\/li>\n\n\n\n<li>L\u2019op\u00e9ra<\/li>\n\n\n\n<li>Le palais de la Bourse<\/li>\n\n\n\n<li>La place des Terreaux&nbsp;<\/li>\n\n\n\n<li>La rue de la R\u00e9publique<\/li>\n\n\n\n<li>La place des Jacobins<\/li>\n\n\n\n<li>La rue pi\u00e9tonne Victor Hugo<\/li>\n\n\n\n<li>La place des C\u00e9lestins<\/li>\n<\/ul>\n\n\n\n<p class=\"wp-block-paragraph\">Pr\u00e9parez votre appareil photo !<\/p>\n\n\n\n<h2 class=\"wp-block-heading\">Croix Rousse<\/h2>\n\n\n\n<figure class=\"wp-block-image aligncenter size-large\"><img loading=\"lazy\" decoding=\"async\" width=\"1200\" height=\"800\" src=\"https:\/\/lyon.wordcamp.org\/2022\/files\/2022\/09\/fresque-des-lyonnais-wordcamp-lyon-1200x800.jpg\" alt=\"\" class=\"wp-image-1344\" srcset=\"https:\/\/lyon.wordcamp.org\/2022\/files\/2022\/09\/fresque-des-lyonnais-wordcamp-lyon-1200x800.jpg 1200w, https:\/\/lyon.wordcamp.org\/2022\/files\/2022\/09\/fresque-des-lyonnais-wordcamp-lyon-600x400.jpg 600w, https:\/\/lyon.wordcamp.org\/2022\/files\/2022\/09\/fresque-des-lyonnais-wordcamp-lyon-300x200.jpg 300w, https:\/\/lyon.wordcamp.org\/2022\/files\/2022\/09\/fresque-des-lyonnais-wordcamp-lyon-768x512.jpg 768w, https:\/\/lyon.wordcamp.org\/2022\/files\/2022\/09\/fresque-des-lyonnais-wordcamp-lyon-450x300.jpg 450w, https:\/\/lyon.wordcamp.org\/2022\/files\/2022\/09\/fresque-des-lyonnais-wordcamp-lyon-1536x1024.jpg 1536w, https:\/\/lyon.wordcamp.org\/2022\/files\/2022\/09\/fresque-des-lyonnais-wordcamp-lyon.jpg 2048w\" sizes=\"auto, (max-width: 1200px) 100vw, 1200px\" \/><figcaption class=\"wp-element-caption\">Photo de <a href=\"https:\/\/www.flickr.com\/photos\/joanbrebo\/51163877018\/in\/photolist-2kXbf7E-4Av7Cj-28Fy6x9-RbKhp8-2nEqoXZ-9ibFTj-2jweb9r-2f8boSg-2hZcPwv-WXmXLu-KpCKd3-2f8bp1H-WixCre-RgHsc-9gpRR1-RfSJo-fjMRsh-uTwmXB-2gHMv8G-8PTMtc-77NRvf-8on8Lb-5ReE62-2hZfmML-2hZcLn9-8P1C7Z-2ngKXNx-fio18Z-GHs8BG-2hZgCoK-8RsZ3F-om4hLk-9gqd8E-2jQYwCo-77NZKL-77NREC-5KWzRQ-77NK1G-9hPi8d-9hyHRA-7QYbjV-8Rwb5j-NdeECb-Pf8BB-8RsXbt-7HDJ7b-Nn6MZC-odSwvM-8RsKVa-q2NQff\" target=\"_blank\" rel=\"noreferrer noopener\">Joan sur flickr<\/a><\/figcaption><\/figure>\n\n\n\n<p class=\"wp-block-paragraph\">La Croix Rousse est un passage incontournable.<\/p>\n\n\n\n<p class=\"wp-block-paragraph\">Admirez-y La Fresque des Lyonnais ; une fa\u00e7ade d&rsquo;immeuble de 800 m2 enti\u00e8rement peinte repr\u00e9sentant des personnages historiques Lyonnais et d&rsquo;autres contemporains.<\/p>\n\n\n\n<p class=\"wp-block-paragraph\">Croix Rousse \u00e9tait autrefois le quartier des canuts autrement dit les ouvriers qui travaillaient la soie. Si le sujet vous int\u00e9resse, vous aurez de quoi satisfaire votre curiosit\u00e9 avec la Maison des Canuts et la Fresque des Canuts (un trompe l&rsquo;\u0153il de 1200 m2).<\/p>\n\n\n\n<div class=\"wp-block-media-text alignwide is-stacked-on-mobile\" style=\"padding-top:var(--wp--preset--spacing--80);padding-bottom:var(--wp--preset--spacing--80)\"><figure class=\"wp-block-media-text__media\"><img loading=\"lazy\" decoding=\"async\" width=\"1707\" height=\"2560\" src=\"https:\/\/lyon.wordcamp.org\/2022\/files\/2022\/09\/parc-tete-dor-wordcamp-lyon-scaled.jpg\" alt=\"\" class=\"wp-image-1345 size-full\" srcset=\"https:\/\/lyon.wordcamp.org\/2022\/files\/2022\/09\/parc-tete-dor-wordcamp-lyon-scaled.jpg 1707w, https:\/\/lyon.wordcamp.org\/2022\/files\/2022\/09\/parc-tete-dor-wordcamp-lyon-400x600.jpg 400w, https:\/\/lyon.wordcamp.org\/2022\/files\/2022\/09\/parc-tete-dor-wordcamp-lyon-800x1200.jpg 800w, https:\/\/lyon.wordcamp.org\/2022\/files\/2022\/09\/parc-tete-dor-wordcamp-lyon-200x300.jpg 200w, https:\/\/lyon.wordcamp.org\/2022\/files\/2022\/09\/parc-tete-dor-wordcamp-lyon-768x1152.jpg 768w, https:\/\/lyon.wordcamp.org\/2022\/files\/2022\/09\/parc-tete-dor-wordcamp-lyon-1024x1536.jpg 1024w, https:\/\/lyon.wordcamp.org\/2022\/files\/2022\/09\/parc-tete-dor-wordcamp-lyon-1365x2048.jpg 1365w\" sizes=\"auto, (max-width: 1707px) 100vw, 1707px\" \/><\/figure><div class=\"wp-block-media-text__content\">\n<h2 class=\"wp-block-heading\">Le Parc de la T\u00eate d&rsquo;Or<\/h2>\n\n\n\n<p class=\"wp-block-paragraph\">C&rsquo;est le plus grand parc de la ville. L&rsquo;endroit id\u00e9al pour vous promener et profiter d&rsquo;une ambiance nature avec quelques attractions animali\u00e8res mais pas seulement.<\/p>\n\n\n\n<p class=\"wp-block-paragraph\">Le parc zoologique est gratuit et ravira les petits comme les grands. \u00c0 pied ou \u00e0 v\u00e9lo, vous pouvez aussi profiter du jardin botanique ou de la roseraie tout en croisant les sportifs lyonnais qui viennent faire leur session de course \u00e0 pied.<\/p>\n<\/div><\/div>\n\n\n\n<h2 class=\"wp-block-heading\">Et plus encore&#8230;<\/h2>\n\n\n\n<p class=\"wp-block-paragraph\">Cette liste n&rsquo;est, \u00e9videmment, pas exhaustive mais vous permet d&rsquo;avoir un aper\u00e7u des choses \u00e0 faire et \u00e0 voir lors de votre passage \u00e0 Lyon.<\/p>\n","protected":false},"excerpt":{"rendered":"<p>Votre passage \u00e0 Lyon \u00e0 l&rsquo;occasion du WordCamp sera peut-\u00eatre prolong\u00e9 pour vous permettre de d\u00e9couvrir la ville. Si tel est le cas, voici quelques adresses et curiosit\u00e9s qui pourraient \u00e9gayer vos sens pendant votre s\u00e9jour : Le Vieux Lyon Vous serez transport\u00e9s \u00e0 l&rsquo;\u00e9poque M\u00e9di\u00e9vale d&rsquo;une part, et \u00e0 la Renaissance de l&rsquo;autre. C&rsquo;est [&hellip;]<\/p>\n","protected":false},"author":18542445,"featured_media":0,"parent":0,"menu_order":0,"comment_status":"closed","ping_status":"closed","template":"","meta":{"_crdt_document":"","footnotes":""},"class_list":["post-1311","page","type-page","status-publish","hentry"],"jetpack_sharing_enabled":true,"_links":{"self":[{"href":"https:\/\/lyon.wordcamp.org\/2022\/wp-json\/wp\/v2\/pages\/1311","targetHints":{"allow":["GET"]}}],"collection":[{"href":"https:\/\/lyon.wordcamp.org\/2022\/wp-json\/wp\/v2\/pages"}],"about":[{"href":"https:\/\/lyon.wordcamp.org\/2022\/wp-json\/wp\/v2\/types\/page"}],"author":[{"embeddable":true,"href":"https:\/\/lyon.wordcamp.org\/2022\/wp-json\/wp\/v2\/users\/18542445"}],"replies":[{"embeddable":true,"href":"https:\/\/lyon.wordcamp.org\/2022\/wp-json\/wp\/v2\/comments?post=1311"}],"version-history":[{"count":17,"href":"https:\/\/lyon.wordcamp.org\/2022\/wp-json\/wp\/v2\/pages\/1311\/revisions"}],"predecessor-version":[{"id":1668,"href":"https:\/\/lyon.wordcamp.org\/2022\/wp-json\/wp\/v2\/pages\/1311\/revisions\/1668"}],"wp:attachment":[{"href":"https:\/\/lyon.wordcamp.org\/2022\/wp-json\/wp\/v2\/media?parent=1311"}],"curies":[{"name":"wp","href":"https:\/\/api.w.org\/{rel}","templated":true}]}}