{"id":1364,"date":"2022-09-27T18:45:08","date_gmt":"2022-09-27T16:45:08","guid":{"rendered":"https:\/\/lyon.wordcamp.org\/2022\/?page_id=1364"},"modified":"2022-09-29T18:13:25","modified_gmt":"2022-09-29T16:13:25","slug":"ou-manger-a-lyon","status":"publish","type":"page","link":"https:\/\/lyon.wordcamp.org\/2022\/ou-manger-a-lyon\/","title":{"rendered":"O\u00f9 manger \u00e0 Lyon ?"},"content":{"rendered":"\n<div class=\"wp-block-cover alignfull is-light\"><span aria-hidden=\"true\" class=\"wp-block-cover__background has-background-dim\"><\/span><img loading=\"lazy\" decoding=\"async\" width=\"1707\" height=\"2560\" class=\"wp-block-cover__image-background wp-image-145\" alt=\"\" src=\"https:\/\/lyon.wordcamp.org\/2022\/files\/2022\/08\/ryan-shumway-n5F3fH0lIY-unsplash-scaled.jpeg\" data-object-fit=\"cover\" srcset=\"https:\/\/lyon.wordcamp.org\/2022\/files\/2022\/08\/ryan-shumway-n5F3fH0lIY-unsplash-scaled.jpeg 1707w, https:\/\/lyon.wordcamp.org\/2022\/files\/2022\/08\/ryan-shumway-n5F3fH0lIY-unsplash-200x300.jpeg 200w, https:\/\/lyon.wordcamp.org\/2022\/files\/2022\/08\/ryan-shumway-n5F3fH0lIY-unsplash-683x1024.jpeg 683w, https:\/\/lyon.wordcamp.org\/2022\/files\/2022\/08\/ryan-shumway-n5F3fH0lIY-unsplash-768x1152.jpeg 768w, https:\/\/lyon.wordcamp.org\/2022\/files\/2022\/08\/ryan-shumway-n5F3fH0lIY-unsplash-1024x1536.jpeg 1024w, https:\/\/lyon.wordcamp.org\/2022\/files\/2022\/08\/ryan-shumway-n5F3fH0lIY-unsplash-1365x2048.jpeg 1365w, https:\/\/lyon.wordcamp.org\/2022\/files\/2022\/08\/ryan-shumway-n5F3fH0lIY-unsplash-1200x1800.jpeg 1200w, https:\/\/lyon.wordcamp.org\/2022\/files\/2022\/08\/ryan-shumway-n5F3fH0lIY-unsplash-1980x2970.jpeg 1980w\" sizes=\"auto, (max-width: 1707px) 100vw, 1707px\" \/><div class=\"wp-block-cover__inner-container is-layout-flow wp-block-cover-is-layout-flow\">\n<div class=\"wp-block-cover\" style=\"min-height:323px;aspect-ratio:unset;\"><span aria-hidden=\"true\" class=\"wp-block-cover__background has-vivid-red-background-color has-background-dim\"><\/span><img loading=\"lazy\" decoding=\"async\" width=\"2560\" height=\"1707\" class=\"wp-block-cover__image-background wp-image-1373\" alt=\"\" src=\"https:\/\/lyon.wordcamp.org\/2022\/files\/2022\/09\/restaurant-scaled.jpg\" style=\"object-position:56% 23%\" data-object-fit=\"cover\" data-object-position=\"56% 23%\" srcset=\"https:\/\/lyon.wordcamp.org\/2022\/files\/2022\/09\/restaurant-scaled.jpg 2560w, https:\/\/lyon.wordcamp.org\/2022\/files\/2022\/09\/restaurant-600x400.jpg 600w, https:\/\/lyon.wordcamp.org\/2022\/files\/2022\/09\/restaurant-1200x800.jpg 1200w, https:\/\/lyon.wordcamp.org\/2022\/files\/2022\/09\/restaurant-300x200.jpg 300w, https:\/\/lyon.wordcamp.org\/2022\/files\/2022\/09\/restaurant-768x512.jpg 768w, https:\/\/lyon.wordcamp.org\/2022\/files\/2022\/09\/restaurant-450x300.jpg 450w, https:\/\/lyon.wordcamp.org\/2022\/files\/2022\/09\/restaurant-1536x1024.jpg 1536w, https:\/\/lyon.wordcamp.org\/2022\/files\/2022\/09\/restaurant-2048x1365.jpg 2048w\" sizes=\"auto, (max-width: 2560px) 100vw, 2560px\" \/><div class=\"wp-block-cover__inner-container is-layout-flow wp-block-cover-is-layout-flow\">\n<p class=\"has-text-align-center has-large-font-size wp-block-paragraph\">Trouver un bon restaurant \u00e0 Lyon<\/p>\n<\/div><\/div>\n<\/div><\/div>\n\n\n\n<p class=\"has-large-font-size wp-block-paragraph\">Manger, c&rsquo;est la vie ! \u00c7a tombe bien, Lyon est r\u00e9put\u00e9e pour plein de bonnes choses comme sa gastronomie.<\/p>\n\n\n\n<p class=\"wp-block-paragraph\">Pour un p&rsquo;tit ou un gros creux, on vous donne quelques bonnes adresses. <\/p>\n\n\n\n<p class=\"wp-block-paragraph\">Et bon app\u00e9tit, bien s\u00fbr !<\/p>\n\n\n\n<p class=\"wp-block-paragraph\"><em>PS : liste non exhaustive mais vous avez de quoi satisfaire vos papilles.<\/em><\/p>\n\n\n\n<div class=\"wp-block-media-text alignwide is-stacked-on-mobile is-image-fill\"><figure class=\"wp-block-media-text__media\" style=\"background-image:url(https:\/\/lyon.wordcamp.org\/2022\/files\/2022\/09\/jumble-lyon.jpeg);background-position:50% 50%\"><img loading=\"lazy\" decoding=\"async\" width=\"1440\" height=\"1440\" src=\"https:\/\/lyon.wordcamp.org\/2022\/files\/2022\/09\/jumble-lyon.jpeg\" alt=\"\" class=\"wp-image-1365 size-full\" srcset=\"https:\/\/lyon.wordcamp.org\/2022\/files\/2022\/09\/jumble-lyon.jpeg 1440w, https:\/\/lyon.wordcamp.org\/2022\/files\/2022\/09\/jumble-lyon-600x600.jpeg 600w, https:\/\/lyon.wordcamp.org\/2022\/files\/2022\/09\/jumble-lyon-1200x1200.jpeg 1200w, https:\/\/lyon.wordcamp.org\/2022\/files\/2022\/09\/jumble-lyon-300x300.jpeg 300w, https:\/\/lyon.wordcamp.org\/2022\/files\/2022\/09\/jumble-lyon-768x768.jpeg 768w\" sizes=\"auto, (max-width: 1440px) 100vw, 1440px\" \/><\/figure><div class=\"wp-block-media-text__content\">\n<h2 class=\"wp-block-heading\">Jumble<\/h2>\n\n\n\n<p class=\"wp-block-paragraph\">88 Rue Bechevelin, 69007 Lyon<br>04 72 76 96 11<br><a href=\"https:\/\/www.facebook.com\/JumbleLyon\" target=\"_blank\" rel=\"noreferrer noopener\">Site Internet<\/a><\/p>\n<\/div><\/div>\n\n\n\n<div class=\"wp-block-media-text alignwide has-media-on-the-right is-stacked-on-mobile\"><div class=\"wp-block-media-text__content\">\n<h2 class=\"wp-block-heading\">Stamtich<\/h2>\n\n\n\n<p class=\"wp-block-paragraph\">2 Av. Berthelot, 69007 Lyon<br>09 84 30 15 36<br><a rel=\"noreferrer noopener\" href=\"http:\/\/stamtich.fr\/\" target=\"_blank\">Site Internet<\/a><\/p>\n<\/div><figure class=\"wp-block-media-text__media\"><img loading=\"lazy\" decoding=\"async\" width=\"735\" height=\"757\" src=\"https:\/\/lyon.wordcamp.org\/2022\/files\/2022\/09\/stam.jpeg\" alt=\"\" class=\"wp-image-1366 size-full\" srcset=\"https:\/\/lyon.wordcamp.org\/2022\/files\/2022\/09\/stam.jpeg 735w, https:\/\/lyon.wordcamp.org\/2022\/files\/2022\/09\/stam-583x600.jpeg 583w, https:\/\/lyon.wordcamp.org\/2022\/files\/2022\/09\/stam-291x300.jpeg 291w\" sizes=\"auto, (max-width: 735px) 100vw, 735px\" \/><\/figure><\/div>\n\n\n\n<div class=\"wp-block-media-text is-stacked-on-mobile\"><figure class=\"wp-block-media-text__media\"><img loading=\"lazy\" decoding=\"async\" width=\"1200\" height=\"1197\" src=\"https:\/\/lyon.wordcamp.org\/2022\/files\/2022\/09\/les-bonnes-manieres-1200x1197.png\" alt=\"\" class=\"wp-image-1368 size-full\" srcset=\"https:\/\/lyon.wordcamp.org\/2022\/files\/2022\/09\/les-bonnes-manieres-1200x1197.png 1200w, https:\/\/lyon.wordcamp.org\/2022\/files\/2022\/09\/les-bonnes-manieres-600x600.png 600w, https:\/\/lyon.wordcamp.org\/2022\/files\/2022\/09\/les-bonnes-manieres-300x300.png 300w, https:\/\/lyon.wordcamp.org\/2022\/files\/2022\/09\/les-bonnes-manieres-768x766.png 768w, https:\/\/lyon.wordcamp.org\/2022\/files\/2022\/09\/les-bonnes-manieres-301x300.png 301w, https:\/\/lyon.wordcamp.org\/2022\/files\/2022\/09\/les-bonnes-manieres-1536x1533.png 1536w, https:\/\/lyon.wordcamp.org\/2022\/files\/2022\/09\/les-bonnes-manieres.png 1790w\" sizes=\"auto, (max-width: 1200px) 100vw, 1200px\" \/><\/figure><div class=\"wp-block-media-text__content\">\n<h2 class=\"wp-block-heading\">Les Bonnes Mani\u00e8res<\/h2>\n\n\n\n<p class=\"wp-block-paragraph\">104 Grande rue de la Guillotiere, 69007 Lyon<br>09 84 03 64 90<br><a href=\"https:\/\/www.tripadvisor.fr\/Restaurant_Review-g187265-d5540036-Reviews-Les_Bonnes_Manieres-Lyon_Rhone_Auvergne_Rhone_Alpes.html\" target=\"_blank\" rel=\"noreferrer noopener\">Site Internet<\/a><\/p>\n<\/div><\/div>\n\n\n\n<div class=\"wp-block-media-text alignwide has-media-on-the-right is-stacked-on-mobile is-image-fill\"><div class=\"wp-block-media-text__content\">\n<h2 class=\"wp-block-heading\">Veronatuti<\/h2>\n\n\n\n<p class=\"wp-block-paragraph\">122 Rue Montesquieu, 69007 Lyon<br>04 37 66 16 22<br><a rel=\"noreferrer noopener\" href=\"https:\/\/veronatuti.com\/\" target=\"_blank\">Site Internet<\/a><\/p>\n<\/div><figure class=\"wp-block-media-text__media\" style=\"background-image:url(https:\/\/lyon.wordcamp.org\/2022\/files\/2022\/09\/veronatuti.jpeg);background-position:50% 50%\"><img loading=\"lazy\" decoding=\"async\" width=\"1440\" height=\"1800\" src=\"https:\/\/lyon.wordcamp.org\/2022\/files\/2022\/09\/veronatuti.jpeg\" alt=\"\" class=\"wp-image-1369 size-full\" srcset=\"https:\/\/lyon.wordcamp.org\/2022\/files\/2022\/09\/veronatuti.jpeg 1440w, https:\/\/lyon.wordcamp.org\/2022\/files\/2022\/09\/veronatuti-480x600.jpeg 480w, https:\/\/lyon.wordcamp.org\/2022\/files\/2022\/09\/veronatuti-960x1200.jpeg 960w, https:\/\/lyon.wordcamp.org\/2022\/files\/2022\/09\/veronatuti-240x300.jpeg 240w, https:\/\/lyon.wordcamp.org\/2022\/files\/2022\/09\/veronatuti-768x960.jpeg 768w, https:\/\/lyon.wordcamp.org\/2022\/files\/2022\/09\/veronatuti-1229x1536.jpeg 1229w\" sizes=\"auto, (max-width: 1440px) 100vw, 1440px\" \/><\/figure><\/div>\n\n\n\n<div class=\"wp-block-media-text alignwide is-stacked-on-mobile\"><figure class=\"wp-block-media-text__media\"><img loading=\"lazy\" decoding=\"async\" width=\"1440\" height=\"1440\" src=\"https:\/\/lyon.wordcamp.org\/2022\/files\/2022\/09\/casa-jaguar.jpeg\" alt=\"\" class=\"wp-image-1370 size-full\" srcset=\"https:\/\/lyon.wordcamp.org\/2022\/files\/2022\/09\/casa-jaguar.jpeg 1440w, https:\/\/lyon.wordcamp.org\/2022\/files\/2022\/09\/casa-jaguar-600x600.jpeg 600w, https:\/\/lyon.wordcamp.org\/2022\/files\/2022\/09\/casa-jaguar-1200x1200.jpeg 1200w, https:\/\/lyon.wordcamp.org\/2022\/files\/2022\/09\/casa-jaguar-300x300.jpeg 300w, https:\/\/lyon.wordcamp.org\/2022\/files\/2022\/09\/casa-jaguar-768x768.jpeg 768w\" sizes=\"auto, (max-width: 1440px) 100vw, 1440px\" \/><\/figure><div class=\"wp-block-media-text__content\">\n<h2 class=\"wp-block-heading\">Casa Jaguar<\/h2>\n\n\n\n<p class=\"wp-block-paragraph\">157 Rue Cuvier, 69006 Lyon<br>04 78 24 03 73<br><a href=\"https:\/\/www.casajaguar.fr\/accueil\/\" target=\"_blank\" rel=\"noreferrer noopener\">Site Internet<\/a><\/p>\n<\/div><\/div>\n\n\n\n<div class=\"wp-block-media-text has-media-on-the-right is-stacked-on-mobile\"><div class=\"wp-block-media-text__content\">\n<h2 class=\"wp-block-heading\">Les Fromagivores<\/h2>\n\n\n\n<p class=\"wp-block-paragraph\">3 Rue Romarin, 69001 Lyon<br>04 78 91 28 92<br><a rel=\"noreferrer noopener\" href=\"https:\/\/www.lesfromagivores.com\/\" target=\"_blank\">Site Internet<\/a><\/p>\n<\/div><figure class=\"wp-block-media-text__media\"><img loading=\"lazy\" decoding=\"async\" width=\"874\" height=\"766\" src=\"https:\/\/lyon.wordcamp.org\/2022\/files\/2022\/09\/les-fromagivores.jpeg\" alt=\"\" class=\"wp-image-1371 size-full\" srcset=\"https:\/\/lyon.wordcamp.org\/2022\/files\/2022\/09\/les-fromagivores.jpeg 874w, https:\/\/lyon.wordcamp.org\/2022\/files\/2022\/09\/les-fromagivores-600x526.jpeg 600w, https:\/\/lyon.wordcamp.org\/2022\/files\/2022\/09\/les-fromagivores-300x263.jpeg 300w, https:\/\/lyon.wordcamp.org\/2022\/files\/2022\/09\/les-fromagivores-768x673.jpeg 768w, https:\/\/lyon.wordcamp.org\/2022\/files\/2022\/09\/les-fromagivores-342x300.jpeg 342w\" sizes=\"auto, (max-width: 874px) 100vw, 874px\" \/><\/figure><\/div>\n\n\n\n<div class=\"wp-block-media-text alignwide is-stacked-on-mobile is-image-fill\"><figure class=\"wp-block-media-text__media\" style=\"background-image:url(https:\/\/lyon.wordcamp.org\/2022\/files\/2022\/09\/les-innocents.jpeg);background-position:50% 50%\"><img loading=\"lazy\" decoding=\"async\" width=\"1440\" height=\"1800\" src=\"https:\/\/lyon.wordcamp.org\/2022\/files\/2022\/09\/les-innocents.jpeg\" alt=\"\" class=\"wp-image-1372 size-full\" srcset=\"https:\/\/lyon.wordcamp.org\/2022\/files\/2022\/09\/les-innocents.jpeg 1440w, https:\/\/lyon.wordcamp.org\/2022\/files\/2022\/09\/les-innocents-480x600.jpeg 480w, https:\/\/lyon.wordcamp.org\/2022\/files\/2022\/09\/les-innocents-960x1200.jpeg 960w, https:\/\/lyon.wordcamp.org\/2022\/files\/2022\/09\/les-innocents-240x300.jpeg 240w, https:\/\/lyon.wordcamp.org\/2022\/files\/2022\/09\/les-innocents-768x960.jpeg 768w, https:\/\/lyon.wordcamp.org\/2022\/files\/2022\/09\/les-innocents-1229x1536.jpeg 1229w\" sizes=\"auto, (max-width: 1440px) 100vw, 1440px\" \/><\/figure><div class=\"wp-block-media-text__content\">\n<h2 class=\"wp-block-heading\">Les Innocents<\/h2>\n\n\n\n<p class=\"wp-block-paragraph\">113 Rue S\u00e9bastien Gryphe, 69007 Lyon<br>09 87 01 65 13<br><a rel=\"noreferrer noopener\" href=\"https:\/\/www.facebook.com\/profile.php?id=100044654241719\" target=\"_blank\">Site Internet<\/a><\/p>\n<\/div><\/div>\n","protected":false},"excerpt":{"rendered":"<p>Manger, c&rsquo;est la vie ! \u00c7a tombe bien, Lyon est r\u00e9put\u00e9e pour plein de bonnes choses comme sa gastronomie. Pour un p&rsquo;tit ou un gros creux, on vous donne quelques bonnes adresses. Et bon app\u00e9tit, bien s\u00fbr ! PS : liste non exhaustive mais vous avez de quoi satisfaire vos papilles. Jumble 88 Rue Bechevelin, [&hellip;]<\/p>\n","protected":false},"author":18542445,"featured_media":0,"parent":0,"menu_order":0,"comment_status":"closed","ping_status":"closed","template":"","meta":{"_crdt_document":"","jetpack_post_was_ever_published":false,"footnotes":""},"class_list":["post-1364","page","type-page","status-publish","hentry"],"jetpack_sharing_enabled":true,"_links":{"self":[{"href":"https:\/\/lyon.wordcamp.org\/2022\/wp-json\/wp\/v2\/pages\/1364","targetHints":{"allow":["GET"]}}],"collection":[{"href":"https:\/\/lyon.wordcamp.org\/2022\/wp-json\/wp\/v2\/pages"}],"about":[{"href":"https:\/\/lyon.wordcamp.org\/2022\/wp-json\/wp\/v2\/types\/page"}],"author":[{"embeddable":true,"href":"https:\/\/lyon.wordcamp.org\/2022\/wp-json\/wp\/v2\/users\/18542445"}],"replies":[{"embeddable":true,"href":"https:\/\/lyon.wordcamp.org\/2022\/wp-json\/wp\/v2\/comments?post=1364"}],"version-history":[{"count":20,"href":"https:\/\/lyon.wordcamp.org\/2022\/wp-json\/wp\/v2\/pages\/1364\/revisions"}],"predecessor-version":[{"id":1685,"href":"https:\/\/lyon.wordcamp.org\/2022\/wp-json\/wp\/v2\/pages\/1364\/revisions\/1685"}],"wp:attachment":[{"href":"https:\/\/lyon.wordcamp.org\/2022\/wp-json\/wp\/v2\/media?parent=1364"}],"curies":[{"name":"wp","href":"https:\/\/api.w.org\/{rel}","templated":true}]}}