{"id":1629,"date":"2022-10-05T11:03:48","date_gmt":"2022-10-05T09:03:48","guid":{"rendered":"https:\/\/lyon.wordcamp.org\/2022\/?page_id=1629"},"modified":"2022-10-07T12:17:23","modified_gmt":"2022-10-07T10:17:23","slug":"programme","status":"publish","type":"page","link":"https:\/\/lyon.wordcamp.org\/2022\/programme\/","title":{"rendered":"Programme"},"content":{"rendered":"\n<div class=\"wp-block-cover alignfull is-light\"><span aria-hidden=\"true\" class=\"wp-block-cover__background has-white-background-color has-background-dim\"><\/span><img loading=\"lazy\" decoding=\"async\" width=\"1707\" height=\"2560\" class=\"wp-block-cover__image-background wp-image-145\" alt=\"\" src=\"https:\/\/lyon.wordcamp.org\/2022\/files\/2022\/08\/ryan-shumway-n5F3fH0lIY-unsplash-scaled.jpeg\" style=\"object-position:52% 0%\" data-object-fit=\"cover\" data-object-position=\"52% 0%\" srcset=\"https:\/\/lyon.wordcamp.org\/2022\/files\/2022\/08\/ryan-shumway-n5F3fH0lIY-unsplash-scaled.jpeg 1707w, https:\/\/lyon.wordcamp.org\/2022\/files\/2022\/08\/ryan-shumway-n5F3fH0lIY-unsplash-200x300.jpeg 200w, https:\/\/lyon.wordcamp.org\/2022\/files\/2022\/08\/ryan-shumway-n5F3fH0lIY-unsplash-683x1024.jpeg 683w, https:\/\/lyon.wordcamp.org\/2022\/files\/2022\/08\/ryan-shumway-n5F3fH0lIY-unsplash-768x1152.jpeg 768w, https:\/\/lyon.wordcamp.org\/2022\/files\/2022\/08\/ryan-shumway-n5F3fH0lIY-unsplash-1024x1536.jpeg 1024w, https:\/\/lyon.wordcamp.org\/2022\/files\/2022\/08\/ryan-shumway-n5F3fH0lIY-unsplash-1365x2048.jpeg 1365w, https:\/\/lyon.wordcamp.org\/2022\/files\/2022\/08\/ryan-shumway-n5F3fH0lIY-unsplash-1200x1800.jpeg 1200w, https:\/\/lyon.wordcamp.org\/2022\/files\/2022\/08\/ryan-shumway-n5F3fH0lIY-unsplash-1980x2970.jpeg 1980w\" sizes=\"auto, (max-width: 1707px) 100vw, 1707px\" \/><div class=\"wp-block-cover__inner-container is-layout-flow wp-block-cover-is-layout-flow\">\n<div class=\"wp-block-cover alignfull\"><span aria-hidden=\"true\" class=\"wp-block-cover__background has-vivid-red-background-color has-background-dim\"><\/span><img loading=\"lazy\" decoding=\"async\" width=\"2048\" height=\"1365\" class=\"wp-block-cover__image-background wp-image-254\" alt=\"\" src=\"https:\/\/lyon.wordcamp.org\/2022\/files\/2022\/08\/48765868428_0257c095f0_k.jpg\" data-object-fit=\"cover\" srcset=\"https:\/\/lyon.wordcamp.org\/2022\/files\/2022\/08\/48765868428_0257c095f0_k.jpg 2048w, https:\/\/lyon.wordcamp.org\/2022\/files\/2022\/08\/48765868428_0257c095f0_k-600x400.jpg 600w, https:\/\/lyon.wordcamp.org\/2022\/files\/2022\/08\/48765868428_0257c095f0_k-1200x800.jpg 1200w, https:\/\/lyon.wordcamp.org\/2022\/files\/2022\/08\/48765868428_0257c095f0_k-300x200.jpg 300w, https:\/\/lyon.wordcamp.org\/2022\/files\/2022\/08\/48765868428_0257c095f0_k-768x512.jpg 768w, https:\/\/lyon.wordcamp.org\/2022\/files\/2022\/08\/48765868428_0257c095f0_k-450x300.jpg 450w, https:\/\/lyon.wordcamp.org\/2022\/files\/2022\/08\/48765868428_0257c095f0_k-1536x1024.jpg 1536w\" sizes=\"auto, (max-width: 2048px) 100vw, 2048px\" \/><div class=\"wp-block-cover__inner-container is-layout-flow wp-block-cover-is-layout-flow\">\n<h1 class=\"has-text-align-center wp-block-heading\">Programme<\/h1>\n<\/div><\/div>\n<\/div><\/div>\n\n\n\n<p class=\"wp-block-paragraph\"><a href=\"https:\/\/lyon.wordcamp.org\/2022\/lieu\/\">L&rsquo;Embarcad\u00e8re<\/a> ouvrira ses portes d\u00e8s <strong>8h<\/strong> pour vous permettre de r\u00e9cup\u00e9rer votre pr\u00e9cieux s\u00e9same (badge) qui vous donnera acc\u00e8s aux conf\u00e9rences et \u00e0 l&rsquo;<a href=\"https:\/\/lyon.wordcamp.org\/2022\/after-party-du-wordcamp-lyon-2022\/\" data-type=\"post\" data-id=\"1813\">After Party.<\/a><\/p>\n\n\n\n<p class=\"wp-block-paragraph\">Le petit d\u00e9jeuner quant \u00e0 lui sera servi \u00e0 <strong>8h30<\/strong> avec du bon caf\u00e9 et\/ou th\u00e9 et surtout quelques viennoiseries. Cela vous laissera un peu de temps pour discuter avec les sponsors et les membres de la communaut\u00e9 !<\/p>\n\n\n\n<p class=\"wp-block-paragraph\">Le WordCamp Lyon d\u00e9butera officiellement avec le traditionnel message de bienvenue \u00e0&nbsp;<strong>9h15<\/strong> pour encha\u00eener sur les premi\u00e8res conf\u00e9rences \u00e0 <strong>9h30<\/strong> et d\u00e9rouler le programme ci-dessous.<\/p>\n\n\n\n<p class=\"wp-block-paragraph\">Au terme de la journ\u00e9e de conf\u00e9rences, le WordCamp prendra fin comme de coutume avec les remarques de cl\u00f4ture.&nbsp;Nous fermerons les portes de l&rsquo;Embarcad\u00e8re \u00e0 18h00 avant de vous retrouver sur le lieu de l&rsquo;<a href=\"https:\/\/lyon.wordcamp.org\/2022\/after-party-du-wordcamp-lyon-2022\/\" data-type=\"URL\" data-id=\"https:\/\/lyon.wordcamp.org\/2022\/after-party-du-wordcamp-lyon-2022\/\">After Party<\/a> \u00e0 19h00 pour un ap\u00e9ritif dinatoire et une soir\u00e9e inoubliable !<br><br>Cliquez sur le titre d&rsquo;une conf\u00e9rence pour afficher le d\u00e9tail et r\u00e9alisez votre pr\u00e9s\u00e9lection en cliquant sur l&rsquo;\u00e9toile \u00e0 droite de chaque titre. <strong>Ajoutez votre mail pour recevoir vos favoris !<\/strong><\/p>\n\n\n\n<div\n\tclass=\"wp-block-wordcamp-schedule alignwide is-loading\"\n\t\tdata-attributes=\"{&quot;__isStylesPreview&quot;:false,&quot;align&quot;:&quot;wide&quot;,&quot;chooseSpecificDays&quot;:false,&quot;chosenDays&quot;:[],&quot;chooseSpecificTracks&quot;:true,&quot;chosenTrackIds&quot;:[1079858,1079859],&quot;showCategories&quot;:true,&quot;useClientTimezone&quot;:false,&quot;className&quot;:&quot;wordcamp-schedule-custom is-style-default&quot;}\"\n>\n\tChargement&#8230;<\/div>\n\n\n\t<div class=\"email-form fav-session-email-form-hide\">\n\t\t<!-- Tab links -->\n\t\t<div class=\"fav-session-share-tab\">\n\t\t\t\t\t\t\t<div class=\"fav-session-tablinks\" id=\"fav-session-btn-email\">\n\t\t\t\t\tE-mail\t\t\t\t<\/div>\n\t\t\t\n\t\t\t<div class=\"fav-session-tablinks\" id=\"fav-session-btn-link\">\n\t\t\t\tLien\t\t\t<\/div>\n\n\t\t\t<div class=\"fav-session-tablinks\" id=\"fav-session-btn-print\">\n\t\t\t\tImprimer\t\t\t<\/div>\n\t\t<\/div>\n\n\t\t<!-- Tab content -->\n\t\t\t\t\t<div id=\"fav-session-tab-email\" class=\"fav-session-share-tabcontent\">\n\t\t\t\t<div id=\"fav-session-email-form\">\n\t\t\t\t\tM\u2019envoyer mes sessions favorites\u00a0:\n\t\t\t\t\t<form id=\"fav-sessions-form\">\n\t\t\t\t\t\t<input\n\t\t\t\t\t\t\ttype=\"text\"\n\t\t\t\t\t\t\tname=\"email_address\"\n\t\t\t\t\t\t\tid=\"fav-sessions-email-address\"\n\t\t\t\t\t\t\tplaceholder=\"me@protonmail.com\"\n\t\t\t\t\t\t\/>\n\t\t\t\t\t\t<input type=\"submit\" value=\"Envoyer\" \/>\n\t\t\t\t\t<\/form>\n\t\t\t\t<\/div>\n\n\t\t\t\t<div class=\"fav-session-email-wait-spinner\"><\/div>\n\t\t\t\t<div class=\"fav-session-email-result\"><\/div>\n\t\t\t<\/div>\n\t\t\n\t\t<div id=\"fav-session-tab-link\" class=\"fav-session-share-tabcontent\">\n\t\t\tLien partageable\u00a0:\t\t\t<br \/>\n\t\t\t<a id=\"fav-sessions-link\" href=\"\"><\/a>\n\t\t<\/div>\n\n\t\t<div id=\"fav-session-tab-print\" class=\"fav-session-share-tabcontent\">\n\t\t\t<button id=\"fav-session-print\">\n\t\t\t\tAfficher les sessions favorites\t\t\t<\/button>\n\t\t<\/div>\n\t<\/div>\n\n\t<a class=\"show-email-form\" href=\"javascript:\">\n\t\t<span class=\"dashicons dashicons-star-filled\"><\/span>\n\t\t<span class=\"dashicons dashicons-email-alt\"><\/span>\n\t<\/a>\n\n\t","protected":false},"excerpt":{"rendered":"<p>L&rsquo;Embarcad\u00e8re ouvrira ses portes d\u00e8s 8h pour vous permettre de r\u00e9cup\u00e9rer votre pr\u00e9cieux s\u00e9same (badge) qui vous donnera acc\u00e8s aux conf\u00e9rences et \u00e0 l&rsquo;After Party. Le petit d\u00e9jeuner quant \u00e0 lui sera servi \u00e0 8h30 avec du bon caf\u00e9 et\/ou th\u00e9 et surtout quelques viennoiseries. Cela vous laissera un peu de temps pour discuter avec [&hellip;]<\/p>\n","protected":false},"author":14749094,"featured_media":0,"parent":0,"menu_order":0,"comment_status":"closed","ping_status":"closed","template":"","meta":{"_crdt_document":"","jetpack_post_was_ever_published":false,"footnotes":""},"class_list":["post-1629","page","type-page","status-publish","hentry"],"jetpack_sharing_enabled":true,"_links":{"self":[{"href":"https:\/\/lyon.wordcamp.org\/2022\/wp-json\/wp\/v2\/pages\/1629","targetHints":{"allow":["GET"]}}],"collection":[{"href":"https:\/\/lyon.wordcamp.org\/2022\/wp-json\/wp\/v2\/pages"}],"about":[{"href":"https:\/\/lyon.wordcamp.org\/2022\/wp-json\/wp\/v2\/types\/page"}],"author":[{"embeddable":true,"href":"https:\/\/lyon.wordcamp.org\/2022\/wp-json\/wp\/v2\/users\/14749094"}],"replies":[{"embeddable":true,"href":"https:\/\/lyon.wordcamp.org\/2022\/wp-json\/wp\/v2\/comments?post=1629"}],"version-history":[{"count":17,"href":"https:\/\/lyon.wordcamp.org\/2022\/wp-json\/wp\/v2\/pages\/1629\/revisions"}],"predecessor-version":[{"id":1970,"href":"https:\/\/lyon.wordcamp.org\/2022\/wp-json\/wp\/v2\/pages\/1629\/revisions\/1970"}],"wp:attachment":[{"href":"https:\/\/lyon.wordcamp.org\/2022\/wp-json\/wp\/v2\/media?parent=1629"}],"curies":[{"name":"wp","href":"https:\/\/api.w.org\/{rel}","templated":true}]}}