{"id":17,"date":"2022-07-05T22:49:39","date_gmt":"2022-07-05T20:49:39","guid":{"rendered":"https:\/\/lyon.wordcamp.org\/2022\/contact\/"},"modified":"2022-09-04T21:19:03","modified_gmt":"2022-09-04T19:19:03","slug":"contact","status":"publish","type":"page","link":"https:\/\/lyon.wordcamp.org\/2022\/contact\/","title":{"rendered":"Contact"},"content":{"rendered":"\n<div class=\"wp-block-cover alignfull is-light\"><span aria-hidden=\"true\" class=\"wp-block-cover__background has-white-background-color has-background-dim\"><\/span><img loading=\"lazy\" decoding=\"async\" width=\"1707\" height=\"2560\" class=\"wp-block-cover__image-background wp-image-145\" alt=\"\" src=\"https:\/\/lyon.wordcamp.org\/2022\/files\/2022\/08\/ryan-shumway-n5F3fH0lIY-unsplash-scaled.jpeg\" style=\"object-position:52% 0%\" data-object-fit=\"cover\" data-object-position=\"52% 0%\" srcset=\"https:\/\/lyon.wordcamp.org\/2022\/files\/2022\/08\/ryan-shumway-n5F3fH0lIY-unsplash-scaled.jpeg 1707w, https:\/\/lyon.wordcamp.org\/2022\/files\/2022\/08\/ryan-shumway-n5F3fH0lIY-unsplash-200x300.jpeg 200w, https:\/\/lyon.wordcamp.org\/2022\/files\/2022\/08\/ryan-shumway-n5F3fH0lIY-unsplash-683x1024.jpeg 683w, https:\/\/lyon.wordcamp.org\/2022\/files\/2022\/08\/ryan-shumway-n5F3fH0lIY-unsplash-768x1152.jpeg 768w, https:\/\/lyon.wordcamp.org\/2022\/files\/2022\/08\/ryan-shumway-n5F3fH0lIY-unsplash-1024x1536.jpeg 1024w, https:\/\/lyon.wordcamp.org\/2022\/files\/2022\/08\/ryan-shumway-n5F3fH0lIY-unsplash-1365x2048.jpeg 1365w, https:\/\/lyon.wordcamp.org\/2022\/files\/2022\/08\/ryan-shumway-n5F3fH0lIY-unsplash-1200x1800.jpeg 1200w, https:\/\/lyon.wordcamp.org\/2022\/files\/2022\/08\/ryan-shumway-n5F3fH0lIY-unsplash-1980x2970.jpeg 1980w\" sizes=\"auto, (max-width: 1707px) 100vw, 1707px\" \/><div class=\"wp-block-cover__inner-container is-layout-flow wp-block-cover-is-layout-flow\">\n<div class=\"wp-block-cover alignfull\"><span aria-hidden=\"true\" class=\"wp-block-cover__background has-vivid-red-background-color has-background-dim\"><\/span><img loading=\"lazy\" decoding=\"async\" width=\"799\" height=\"533\" class=\"wp-block-cover__image-background wp-image-445\" alt=\"\" src=\"https:\/\/lyon.wordcamp.org\/2022\/files\/2022\/08\/47823921472_b57d34d534_c.jpg\" data-object-fit=\"cover\" srcset=\"https:\/\/lyon.wordcamp.org\/2022\/files\/2022\/08\/47823921472_b57d34d534_c.jpg 799w, https:\/\/lyon.wordcamp.org\/2022\/files\/2022\/08\/47823921472_b57d34d534_c-600x400.jpg 600w, https:\/\/lyon.wordcamp.org\/2022\/files\/2022\/08\/47823921472_b57d34d534_c-300x200.jpg 300w, https:\/\/lyon.wordcamp.org\/2022\/files\/2022\/08\/47823921472_b57d34d534_c-768x512.jpg 768w, https:\/\/lyon.wordcamp.org\/2022\/files\/2022\/08\/47823921472_b57d34d534_c-450x300.jpg 450w\" sizes=\"auto, (max-width: 799px) 100vw, 799px\" \/><div class=\"wp-block-cover__inner-container is-layout-flow wp-block-cover-is-layout-flow\">\n<h1 class=\"has-text-align-center wp-block-heading\">Contact<\/h1>\n<\/div><\/div>\n<\/div><\/div>\n\n\n\n<p class=\"wp-block-paragraph\">Vous pouvez nous contacter aux adresses suivantes ou via le formulaire ci-dessous :<\/p>\n\n\n\n<p class=\"wp-block-paragraph\">Accr\u00e9ditation presse :&nbsp;Lyon+press@wordcamp.org<a href=\"mailto:presse@wcamp.paris\"><br><\/a>Sponsors &amp; partenariats :&nbsp;Lyon+sponsors@wordcamp.org<a href=\"mailto:sponsors@wcamp.paris\"><br><\/a>Toute autre demande :&nbsp;Lyon@wordcamp.org<\/p>\n\n\n<div data-test='contact-form'\n\t\t\tid='contact-form-17'\n\t\t\tclass='jetpack-contact-form-container '\n\t\t\tdata-wp-interactive='jetpack\/form' data-wp-context='{\"formId\":\"17\",\"formHash\":\"ceda81adcda9907d3dc2b61376d9e2681ead2f4f\",\"showErrors\":false,\"errors\":[],\"fields\":[],\"isMultiStep\":false,\"useAjax\":true,\"submissionData\":null,\"formattedSubmissionData\":[],\"submissionSuccess\":false,\"submissionError\":null,\"elementId\":\"jp-form-ceda81adcda9907d3dc2b61376d9e2681ead2f4f\",\"isSingleInputForm\":false,\"isForcedHorizontal\":false}'\n\t\t\tdata-wp-watch--scroll-to-wrapper=\"callbacks.scrollToWrapper\"\n\t\t>\n<div class=\"contact-form-submission contact-form-ajax-submission\" data-wp-bind--aria-hidden=\"state.isSuccessMessageAriaHidden\" data-wp-class--submission-success=\"context.submissionSuccess\" id=\"contact-form-success-ceda81adcda9907d3dc2b61376d9e2681ead2f4f\" tabindex=\"-1\" aria-labelledby=\"contact-form-success-header-ceda81adcda9907d3dc2b61376d9e2681ead2f4f\"><p class=\"go-back-message\"><a class=\"link\" role=\"button\" tabindex=\"0\" data-wp-on--click=\"actions.goBack\" href=\"\/2022\/wp-json\/wp\/v2\/pages\/17\">\u2190 Back<\/a><\/p><h4 data-wp-bind--aria-hidden=\"state.isSuccessMessageAriaHidden\" id=\"contact-form-success-header-ceda81adcda9907d3dc2b61376d9e2681ead2f4f\">Merci, nous avons bien re\u00e7u votre message ! \u00c0 tr\u00e8s vite.<\/h4>\n\n<template data-wp-each--submission=\"context.formattedSubmissionData\">\n\t\t\t\t\t<div class=\"jetpack_forms_contact-form-success-summary\">\n\t\t\t\t\t\t<div class=\"field-name-wrapper\">\n\t\t\t\t\t\t\t<div class=\"field-type-icon\" data-wp-watch=\"callbacks.watchFieldTypeIcon\"><\/div>\n\t\t\t\t\t\t\t<div class=\"field-name\" data-wp-text=\"context.submission.label\" data-wp-bind--hidden=\"!context.submission.label\"><\/div>\n\t\t\t\t\t\t<\/div>\n\t\t\t\t\t\t<div class=\"field-value\" data-wp-text=\"context.submission.value\" data-wp-bind--hidden=\"!context.submission.showPlainValue\"><\/div>\n\t\t\t\t\t\t<a class=\"field-url\" data-wp-bind--href=\"context.submission.url\" data-wp-text=\"context.submission.value\" data-wp-bind--hidden=\"!context.submission.url\" target=\"_blank\" rel=\"noopener noreferrer\"><\/a>\n\t\t\t\t\t\t<div class=\"field-rating\" data-wp-bind--hidden=\"!context.submission.rating\" data-wp-watch=\"callbacks.watchRatingIcons\"><\/div>\n\t\t\t\t\t\t<div class=\"field-images\" data-wp-bind--hidden=\"!context.submission.images\">\n\t\t\t\t\t\t\t<template data-wp-each--image=\"context.submission.images\">\n\t\t\t\t\t\t\t\t<div class=\"field-image-option\" data-wp-class--is-empty=\"!context.image.src\">\n\t\t\t\t\t\t\t\t\t<figure class=\"field-image-option__image\" data-wp-class--is-empty=\"!context.image.src\">\n\t\t\t\t\t\t\t\t\t\t<img data-wp-bind--src=\"context.image.src\" data-wp-bind--hidden=\"!context.image.src\" \/>\n\t\t\t\t\t\t\t\t\t\t<img decoding=\"async\" src=\"data:image\/gif;base64,R0lGODlhAQABAAD\/ACwAAAAAAQABAAACADs=\" data-wp-bind--hidden=\"context.image.src\" \/>\n\t\t\t\t\t\t\t\t\t<\/figure>\n\t\t\t\t\t\t\t\t\t<div class=\"field-image-option__label-wrapper\">\n\t\t\t\t\t\t\t\t\t\t<span class=\"field-image-option__label-code\" data-wp-text=\"context.image.letterCode\"><\/span>\n\t\t\t\t\t\t\t\t\t\t<span class=\"field-image-option__label\" data-wp-text=\"context.image.label\" data-wp-bind--hidden=\"!context.image.label\"><\/span>\n\t\t\t\t\t\t\t\t\t<\/div>\n\t\t\t\t\t\t\t\t<\/div>\n\t\t\t\t\t\t\t<\/template>\n\t\t\t\t\t\t<\/div>\n\t\t\t\t\t\t<div class=\"field-files\" data-wp-bind--hidden=\"!context.submission.files\">\n\t\t\t\t\t\t\t<template data-wp-each--file=\"context.submission.files\">\n\t\t\t\t\t\t\t\t<div class=\"field-file\">\n\t\t\t\t\t\t\t\t\t<div class=\"field-file__thumbnail\" data-wp-style--background-image=\"context.file.previewUrl\" data-wp-style--mask-image=\"context.file.iconUrl\" data-wp-bind--hidden=\"!context.file.hasPreview\"><\/div>\n\t\t\t\t\t\t\t\t\t<svg class=\"field-file__icon\" data-wp-bind--hidden=\"context.file.hasPreview\" width=\"20\" height=\"20\" viewBox=\"0 0 24 24\" fill=\"none\" xmlns=\"http:\/\/www.w3.org\/2000\/svg\" aria-hidden=\"true\">\n\t\t\t\t\t\t\t\t\t\t<path d=\"M14 2H6C4.9 2 4 2.9 4 4V20C4 21.1 4.89 22 5.99 22H18C19.1 22 20 21.1 20 20V8L14 2ZM18 20H6V4H13V9H18V20Z\" fill=\"currentColor\"\/>\n\t\t\t\t\t\t\t\t\t<\/svg>\n\t\t\t\t\t\t\t\t\t<span class=\"field-file__name\" data-wp-text=\"context.file.name\"><\/span>\n\t\t\t\t\t\t\t\t\t<span class=\"field-file__size\" data-wp-text=\"context.file.size\"><\/span>\n\t\t\t\t\t\t\t\t<\/div>\n\t\t\t\t\t\t\t<\/template>\n\t\t\t\t\t\t<\/div>\n\t\t\t\t\t<\/div>\n\t\t\t\t<\/template><\/div><form action='https:\/\/lyon.wordcamp.org\/2022\/contact\/'\n\t\t\t\tid='jp-form-ceda81adcda9907d3dc2b61376d9e2681ead2f4f'\n\t\t\t\tmethod='post'\n\t\t\t\tclass='contact-form commentsblock jetpack-contact-form__form has-no-jetpack-form-layout' aria-label=\"Contact\"\n\t\t\t\tdata-wp-on--submit=\"actions.onFormSubmit\"\n\t\t\t\tdata-wp-on--reset=\"actions.onFormReset\"\n\t\t\t\tdata-wp-class--submission-success=\"context.submissionSuccess\"\n\t\t\t\tdata-wp-class--is-first-step=\"state.isFirstStep\"\n\t\t\t\tdata-wp-class--is-last-step=\"state.isLastStep\"\n\t\t\t\tdata-wp-class--is-ajax-form=\"context.useAjax\"\n\t\t\t\tnovalidate >\n<input type='hidden' name='jetpack_contact_form_jwt' value='eyJ0eXAiOiJKV1QiLCJhbGciOiJIUzI1NiJ9.eyJlbmNyeXB0ZWRfYXR0cmlidXRlcyI6Ik1seHlsT1VZS1IvL1FuNGdocWZ0WS83U0Z2em0yZkxqdWcveFh0b0hxUHVnN3FiVC9BdjJ2S3NCOHA5VlVjMGh1ejNuN3REenVGalo2bXdRM1F6eUlVbDR6VWY2YWlpQzlMWkhjbW9vbURjWXZLWHJUSks0NVQ0WmlVN0t3Q1FCZ3JGRFk2aGprODQvckppVjA1T1ZPOEtwWmk1ZjErWTNPcldxZ3k1UUI0cGJyS1ZtbGxpUGpNQlkyREJGT3VVdUh1aHZ6NUFhV0ZTVnlCdFNkeHRiejdiaURxTURSVWJLVExDVmZSaVlQVGFkK2RxUW9aSElrVXpKUnJzbDhObHM3Qk56Rzl5aVB4RmlqRjZWUnhtZHpSVTRhNUZuRGdOYVN3UnZnUFM3R2lPWUg4OEJ1dUFnOEJ4bHQrOFVWSytyOFQ4NVBqZGR0VTFlcjFqZVh3TWV4NWFJbVdtb1U3Y1E5VkkyaVJnRUxkeSt3VDM2eEIxZVZqdHB6WWs5WmNHQVNFOEQyRFlvd2dGRkgyWS9wVWFqSlllSWJCc0xIOTJIZ3hFZjhYbkxFY2hvcnAzU1MxR1NRcjhtRTRzaGgvdDNXRnliQXJyYm12ams4ZnBVNGpXTXhHT2R3UktkZ3pEaWdDTVJYdGhidlpCNnpCY2ZDREM2WDFuaTBaSEZCK2pySkhnSk91SzdpR0h3OVJPNzhnSllFMEFJZFVJZEJJV3Q0SFRqM1hCcmNIc2phTWd6K1hNVEpHSlk0Zy9aT0hjbkpGNUt0VHpKTmQ5N1dYYk55ZmpYZllFVXI4V0daSWVsSGJUZ0F2Q0FENnFtdGg0VDJEdWhXRkhaUlpsVVdOL3Znbnczb2VGM3FOVllZYlpHR2U2SVhPeCthejVBTGVrTXMxZHd5bXVqZXI0ZXM0eHpFTExOSVJHM0hzK2JhcTBWM3kweEF4UmNUeFI1UVVEZGZwbUZWQW52NWlBWEhCZzVCdUR5VWlabXNRTFRnZkpsdWk4MXJVcDBaSFZqSzZsY0sxSmFHWk9iRUg3a2tRVkxtTnZscXVvM3k0Y1NSVlB1Nk1pb3pXc1VlTnlwQ2xuaFkxY2pQa3pWT2xEbXdVYnNNZmMzcHFjRjhoWGVlT1oyOURiNVFFKzFkblN3ckt6YUxsa0hjdXdLWmhHY3NpQ3E5SnJUSUlCNXFUUjlIWEZNVkFhZUtqN2Rtb1RsMmJSaU4wOVZMOVpCSDZ1YkQ4M1hrd2RydWtkM2h0eFZTZXpvUVFHL0JubHdNcloxQ2c9PSIsImNvbnRlbnQiOiJcbjxkaXYgY2xhc3M9XCJ3cC1ibG9jay1qZXRwYWNrLWNvbnRhY3QtZm9ybVwiPltjb250YWN0LWZpZWxkIGxhYmVsPVwiTmFtZVwiIHJlcXVpcmVkPVwiMVwiIHR5cGU9XCJuYW1lXCIvXVxuXG5bY29udGFjdC1maWVsZCBsYWJlbD1cIkVtYWlsXCIgcmVxdWlyZWQ9XCIxXCIgdHlwZT1cImVtYWlsXCIvXVxuXG5bY29udGFjdC1maWVsZCBsYWJlbD1cIk1lc3NhZ2VcIiByZXF1aXJlZD1cIjFcIiB0eXBlPVwidGV4dGFyZWFcIi9dXG5cbjxkaXYgY2xhc3M9XCJ3cC1ibG9jay1qZXRwYWNrLWJ1dHRvbiB3cC1ibG9jay1idXR0b25cIiBzdHlsZT1cIlwiPjxidXR0b24gY2xhc3M9XCJ3cC1ibG9jay1idXR0b25fX2xpbmtcIiBzdHlsZT1cIlwiIGRhdGEtaWQtYXR0cj1cInBsYWNlaG9sZGVyXCIgdHlwZT1cInN1Ym1pdFwiIGRhdGEtd3AtY2xhc3MtLWlzLXN1Ym1pdHRpbmc9XCJzdGF0ZS5pc1N1Ym1pdHRpbmdcIiBkYXRhLXdwLWJpbmQtLWFyaWEtZGlzYWJsZWQ9XCJzdGF0ZS5pc0FyaWFEaXNhYmxlZFwiPkVudm95ZXI8c3BhbiBjbGFzcz1cInNwaW5uZXJcIiBhcmlhLWhpZGRlbj1cInRydWVcIj48c3ZnIHdpZHRoPVwiMjRcIiBoZWlnaHQ9XCIyNFwiIHZpZXdCb3g9XCIwIDAgMjQgMjRcIiB4bWxucz1cImh0dHA6Ly93d3cudzMub3JnLzIwMDAvc3ZnXCI-PHBhdGggZD1cIk0xMiwxQTExLDExLDAsMSwwLDIzLDEyLDExLDExLDAsMCwwLDEyLDFabTAsMTlhOCw4LDAsMSwxLDgtOEE4LDgsMCwwLDEsMTIsMjBaXCIgb3BhY2l0eT1cIi4yNVwiLz48cGF0aCBkPVwiTTEwLjE0LDEuMTZhMTEsMTEsMCwwLDAtOSw4LjkyQTEuNTksMS41OSwwLDAsMCwyLjQ2LDEyLDEuNTIsMS41MiwwLDAsMCw0LjExLDEwLjdhOCw4LDAsMCwxLDYuNjYtNi42MUExLjQyLDEuNDIsMCwwLDAsMTIsMi42OWgwQTEuNTcsMS41NywwLDAsMCwxMC4xNCwxLjE2WlwiPjxhbmltYXRlVHJhbnNmb3JtIGF0dHJpYnV0ZU5hbWU9XCJ0cmFuc2Zvcm1cIiB0eXBlPVwicm90YXRlXCIgZHVyPVwiMC43NXNcIiB2YWx1ZXM9XCIwIDEyIDEyOzM2MCAxMiAxMlwiIHJlcGVhdENvdW50PVwiaW5kZWZpbml0ZVwiLz48L3BhdGg-PC9zdmc-PHNwYW4gY2xhc3M9XCJpcy12aXN1YWxseS1oaWRkZW5cIj5TdWJtaXR0aW5nIGZvcm08L3NwYW4-PC9zcGFuPjwvYnV0dG9uPjwvZGl2PjwvZGl2PlxuIiwiaGFzaCI6ImNlZGE4MWFkY2RhOTkwN2QzZGMyYjYxMzc2ZDllMjY4MWVhZDJmNGYiLCJzb3VyY2UiOnsiZW50cnlfdGl0bGUiOiJDb250YWN0IiwiZW50cnlfcGFnZSI6MSwic291cmNlX2lkIjoxNywic291cmNlX3R5cGUiOiJzaW5nbGUiLCJyZXF1ZXN0X3VybCI6Imh0dHBzOi8vbHlvbi53b3JkY2FtcC5vcmcvMjAyMi93cC1qc29uL3dwL3YyL3BhZ2VzLzE3In0sInZlcnNpb24iOjIsImNpcGhlciI6ImFlcy0yNTYtZ2NtIn0.UuzCf_KJ5Z_Akjf7KeMiST2RUm-80_5USncrOHLGXXA' \/>\n\n<div class=\"wp-block-jetpack-contact-form is-layout-flex wp-container-jetpack-contact-form-is-layout-44c7097a wp-block-jetpack-contact-form-is-layout-flex\">\n<div style=\"\"  data-wp-interactive=\"jetpack\/form\" data-wp-context='{\"fieldId\":\"g17-name\",\"fieldType\":\"name\",\"fieldLabel\":\"Name\",\"fieldValue\":\"\",\"fieldPlaceholder\":\"\",\"fieldIsRequired\":\"1\",\"fieldErrorMessage\":\"\",\"fieldExtra\":[],\"formHash\":\"ceda81adcda9907d3dc2b61376d9e2681ead2f4f\"}'  class='grunion-field-name-wrap grunion-field-wrap'  data-wp-init='callbacks.initializeField' data-wp-on--jetpack-form-reset='callbacks.initializeField' >\n<label\n\t\t\t\tfor='g17-name' class=\"grunion-field-label name\" >Name<span class=\"grunion-label-required\" aria-hidden=\"true\">(obligatoire)<\/span><\/label>\n<input\n\t\t\t\t\ttype='text'\n\t\t\t\t\tname='g17-name'\n\t\t\t\t\tid='g17-name'\n\t\t\t\t\tvalue=''\n\n\t\t\t\t\tdata-wp-bind--aria-invalid='state.fieldAriaInvalid'\n\t\t\t\t\tdata-wp-bind--value='state.getFieldValue'\n\t\t\t\t\taria-describedby='g17-name-text-error-message'\n\t\t\t\t\tdata-wp-on--input='actions.onFieldChange'\n\t\t\t\t\tdata-wp-on--blur='actions.onFieldBlur'\n\t\t\t\t\tdata-wp-class--has-value='state.hasFieldValue'\n\n\t\t\t\t\tclass='name  grunion-field' \n\t\t\t\t\trequired='true' aria-required='true'  \/>\n \n\t\t\t<div id=\"g17-name-text-error\" class=\"contact-form__input-error\" data-wp-class--has-errors=\"state.fieldHasErrors\">\n\t\t\t\t<span class=\"contact-form__warning-icon\" aria-hidden=\"true\">\n\t\t\t\t\t<svg width=\"16\" height=\"16\" viewBox=\"0 0 16 16\" fill=\"none\" xmlns=\"http:\/\/www.w3.org\/2000\/svg\">\n\t\t\t\t\t\t<path d=\"M8.50015 11.6402H7.50015V10.6402H8.50015V11.6402Z\" \/>\n\t\t\t\t\t\t<path d=\"M7.50015 9.64018H8.50015V6.30684H7.50015V9.64018Z\" \/>\n\t\t\t\t\t\t<path fill-rule=\"evenodd\" clip-rule=\"evenodd\" d=\"M6.98331 3.0947C7.42933 2.30177 8.57096 2.30177 9.01698 3.09469L13.8771 11.7349C14.3145 12.5126 13.7525 13.4735 12.8602 13.4735H3.14004C2.24774 13.4735 1.68575 12.5126 2.12321 11.7349L6.98331 3.0947ZM8.14541 3.58496C8.08169 3.47168 7.9186 3.47168 7.85488 3.58496L2.99478 12.2251C2.93229 12.3362 3.01257 12.4735 3.14004 12.4735H12.8602C12.9877 12.4735 13.068 12.3362 13.0055 12.2251L8.14541 3.58496Z\" \/>\n\t\t\t\t\t<\/svg>\n\t\t\t\t<\/span>\n\t\t\t\t<span data-wp-text=\"state.errorMessage\" id=\"g17-name-text-error-message\"><\/span>\n\t\t\t<\/div> \n\t<\/div>\n\n\n\n<div style=\"\"  data-wp-interactive=\"jetpack\/form\" data-wp-context='{\"fieldId\":\"g17-email\",\"fieldType\":\"email\",\"fieldLabel\":\"Email\",\"fieldValue\":\"\",\"fieldPlaceholder\":\"\",\"fieldIsRequired\":\"1\",\"fieldErrorMessage\":\"\",\"fieldExtra\":[],\"formHash\":\"ceda81adcda9907d3dc2b61376d9e2681ead2f4f\"}'  class='grunion-field-email-wrap grunion-field-wrap'  data-wp-init='callbacks.initializeField' data-wp-on--jetpack-form-reset='callbacks.initializeField' >\n<label\n\t\t\t\tfor='g17-email' class=\"grunion-field-label email\" >Email<span class=\"grunion-label-required\" aria-hidden=\"true\">(obligatoire)<\/span><\/label>\n<input\n\t\t\t\t\ttype='email'\n\t\t\t\t\tname='g17-email'\n\t\t\t\t\tid='g17-email'\n\t\t\t\t\tvalue=''\n\n\t\t\t\t\tdata-wp-bind--aria-invalid='state.fieldAriaInvalid'\n\t\t\t\t\tdata-wp-bind--value='state.getFieldValue'\n\t\t\t\t\taria-describedby='g17-email-email-error-message'\n\t\t\t\t\tdata-wp-on--input='actions.onFieldChange'\n\t\t\t\t\tdata-wp-on--blur='actions.onFieldBlur'\n\t\t\t\t\tdata-wp-class--has-value='state.hasFieldValue'\n\n\t\t\t\t\tclass='email  grunion-field' \n\t\t\t\t\trequired='true' aria-required='true'  \/>\n \n\t\t\t<div id=\"g17-email-email-error\" class=\"contact-form__input-error\" data-wp-class--has-errors=\"state.fieldHasErrors\">\n\t\t\t\t<span class=\"contact-form__warning-icon\" aria-hidden=\"true\">\n\t\t\t\t\t<svg width=\"16\" height=\"16\" viewBox=\"0 0 16 16\" fill=\"none\" xmlns=\"http:\/\/www.w3.org\/2000\/svg\">\n\t\t\t\t\t\t<path d=\"M8.50015 11.6402H7.50015V10.6402H8.50015V11.6402Z\" \/>\n\t\t\t\t\t\t<path d=\"M7.50015 9.64018H8.50015V6.30684H7.50015V9.64018Z\" \/>\n\t\t\t\t\t\t<path fill-rule=\"evenodd\" clip-rule=\"evenodd\" d=\"M6.98331 3.0947C7.42933 2.30177 8.57096 2.30177 9.01698 3.09469L13.8771 11.7349C14.3145 12.5126 13.7525 13.4735 12.8602 13.4735H3.14004C2.24774 13.4735 1.68575 12.5126 2.12321 11.7349L6.98331 3.0947ZM8.14541 3.58496C8.08169 3.47168 7.9186 3.47168 7.85488 3.58496L2.99478 12.2251C2.93229 12.3362 3.01257 12.4735 3.14004 12.4735H12.8602C12.9877 12.4735 13.068 12.3362 13.0055 12.2251L8.14541 3.58496Z\" \/>\n\t\t\t\t\t<\/svg>\n\t\t\t\t<\/span>\n\t\t\t\t<span data-wp-text=\"state.errorMessage\" id=\"g17-email-email-error-message\"><\/span>\n\t\t\t<\/div> \n\t<\/div>\n\n\n\n<div style=\"\"  data-wp-interactive=\"jetpack\/form\" data-wp-context='{\"fieldId\":\"g17-message\",\"fieldType\":\"textarea\",\"fieldLabel\":\"Message\",\"fieldValue\":\"\",\"fieldPlaceholder\":\"\",\"fieldIsRequired\":\"1\",\"fieldErrorMessage\":\"\",\"fieldExtra\":[],\"formHash\":\"ceda81adcda9907d3dc2b61376d9e2681ead2f4f\"}'  class='grunion-field-textarea-wrap grunion-field-wrap'  data-wp-init='callbacks.initializeField' data-wp-on--jetpack-form-reset='callbacks.initializeField' >\n<label\n\t\t\t\tfor='contact-form-comment-g17-message' class=\"grunion-field-label textarea\" >Message<span class=\"grunion-label-required\" aria-hidden=\"true\">(obligatoire)<\/span><\/label>\n<textarea\n\t\t                style=''\n\t\t                name='g17-message'\n\t\t                id='contact-form-comment-g17-message'\n\t\t                rows='20'\n\t\t\t\t\t\tdata-wp-text='state.getFieldValue'\n\t\t\t\t\t\tdata-wp-on--input='actions.onFieldChange'\n\t\t\t\t\t\tdata-wp-on--blur='actions.onFieldBlur'\n\t\t\t\t\t\tdata-wp-class--has-value='state.hasFieldValue'\n\t\t\t\t\t\taria-describedby='g17-message-textarea-error-message'\n\t\t\t\t\t\tdata-wp-bind--aria-invalid='state.fieldAriaInvalid'\n\t\t\t\t\t\tclass='textarea  grunion-field'  required aria-required='true'><\/textarea>\n \n\t\t\t<div id=\"g17-message-textarea-error\" class=\"contact-form__input-error\" data-wp-class--has-errors=\"state.fieldHasErrors\">\n\t\t\t\t<span class=\"contact-form__warning-icon\" aria-hidden=\"true\">\n\t\t\t\t\t<svg width=\"16\" height=\"16\" viewBox=\"0 0 16 16\" fill=\"none\" xmlns=\"http:\/\/www.w3.org\/2000\/svg\">\n\t\t\t\t\t\t<path d=\"M8.50015 11.6402H7.50015V10.6402H8.50015V11.6402Z\" \/>\n\t\t\t\t\t\t<path d=\"M7.50015 9.64018H8.50015V6.30684H7.50015V9.64018Z\" \/>\n\t\t\t\t\t\t<path fill-rule=\"evenodd\" clip-rule=\"evenodd\" d=\"M6.98331 3.0947C7.42933 2.30177 8.57096 2.30177 9.01698 3.09469L13.8771 11.7349C14.3145 12.5126 13.7525 13.4735 12.8602 13.4735H3.14004C2.24774 13.4735 1.68575 12.5126 2.12321 11.7349L6.98331 3.0947ZM8.14541 3.58496C8.08169 3.47168 7.9186 3.47168 7.85488 3.58496L2.99478 12.2251C2.93229 12.3362 3.01257 12.4735 3.14004 12.4735H12.8602C12.9877 12.4735 13.068 12.3362 13.0055 12.2251L8.14541 3.58496Z\" \/>\n\t\t\t\t\t<\/svg>\n\t\t\t\t<\/span>\n\t\t\t\t<span data-wp-text=\"state.errorMessage\" id=\"g17-message-textarea-error-message\"><\/span>\n\t\t\t<\/div>\n\t<\/div>\n\n\n<div class=\"contact-form__error\" data-wp-class--show-errors=\"state.showFormErrors\"><span class=\"contact-form__warning-icon\" aria-hidden=\"true\"><i><\/i><\/span><span class=\"contact-form__error-message\" tabindex=\"-1\" data-wp-watch=\"callbacks.focusOnValidationError\" data-wp-text=\"state.getFormErrorMessage\"><\/span><ul aria-label=\"Form errors\">\n\t\t\t\t<template data-wp-each=\"state.getErrorList\" data-wp-key=\"context.item.id\">\n\t\t\t\t\t<li><a data-wp-bind--href=\"context.item.anchor\" data-wp-on--click=\"actions.scrollIntoView\" data-wp-text=\"context.item.label\"><\/a><\/li>\n\t\t\t\t<\/template>\n\t\t\t\t<\/ul><\/div><div class=\"contact-form__error\" data-wp-class--show-errors=\"state.showSubmissionError\" data-wp-text=\"context.submissionError\" tabindex=\"-1\" data-wp-watch=\"callbacks.focusOnSubmissionError\"><\/div> <div class=\"wp-block-jetpack-button wp-block-button\" style=\"\"><button data-wp-bind--disabled=\"state.isAriaDisabled\" class=\"wp-block-button__link\" style=\"\" data-id-attr=\"placeholder\" type=\"submit\" data-wp-class--is-submitting=\"state.isSubmitting\" data-wp-bind--aria-disabled=\"state.isAriaDisabled\">Envoyer<span class=\"spinner\" aria-hidden=\"true\"><svg width=\"24\" height=\"24\" viewBox=\"0 0 24 24\" xmlns=\"http:\/\/www.w3.org\/2000\/svg\"><path d=\"M12,1A11,11,0,1,0,23,12,11,11,0,0,0,12,1Zm0,19a8,8,0,1,1,8-8A8,8,0,0,1,12,20Z\" opacity=\".25\"\/><path d=\"M10.14,1.16a11,11,0,0,0-9,8.92A1.59,1.59,0,0,0,2.46,12,1.52,1.52,0,0,0,4.11,10.7a8,8,0,0,1,6.66-6.61A1.42,1.42,0,0,0,12,2.69h0A1.57,1.57,0,0,0,10.14,1.16Z\"><animateTransform attributeName=\"transform\" type=\"rotate\" dur=\"0.75s\" values=\"0 12 12;360 12 12\" repeatCount=\"indefinite\"\/><\/path><\/svg><span class=\"is-visually-hidden\">Submitting form<\/span><\/span><\/button><\/div><\/div>\n\t\t<input type='hidden' name='contact-form-id' value='17' \/>\n\t\t<input type='hidden' name='action' value='grunion-contact-form' \/>\n\t\t<input type='hidden' name='contact-form-hash' value='ceda81adcda9907d3dc2b61376d9e2681ead2f4f' \/>\n<p style=\"display: none !important;\" class=\"akismet-fields-container\" data-prefix=\"ak_\"><label>&#916;<textarea name=\"ak_hp_textarea\" cols=\"45\" rows=\"8\" maxlength=\"100\"><\/textarea><\/label><input type=\"hidden\" id=\"ak_js_1\" name=\"ak_js\" value=\"230\"\/><script>\ndocument.getElementById( \"ak_js_1\" ).setAttribute( \"value\", ( new Date() ).getTime() );\n<\/script>\n<\/p><\/form>\n<\/div>","protected":false},"excerpt":{"rendered":"<p>Vous pouvez nous contacter aux adresses suivantes ou via le formulaire ci-dessous : Accr\u00e9ditation presse :&nbsp;Lyon+press@wordcamp.orgSponsors &amp; partenariats :&nbsp;Lyon+sponsors@wordcamp.orgToute autre demande :&nbsp;Lyon@wordcamp.org<\/p>\n","protected":false},"author":11529014,"featured_media":0,"parent":0,"menu_order":0,"comment_status":"closed","ping_status":"closed","template":"","meta":{"_crdt_document":"","jetpack_post_was_ever_published":false,"footnotes":""},"class_list":["post-17","page","type-page","status-publish","hentry"],"jetpack_sharing_enabled":true,"_links":{"self":[{"href":"https:\/\/lyon.wordcamp.org\/2022\/wp-json\/wp\/v2\/pages\/17","targetHints":{"allow":["GET"]}}],"collection":[{"href":"https:\/\/lyon.wordcamp.org\/2022\/wp-json\/wp\/v2\/pages"}],"about":[{"href":"https:\/\/lyon.wordcamp.org\/2022\/wp-json\/wp\/v2\/types\/page"}],"author":[{"embeddable":true,"href":"https:\/\/lyon.wordcamp.org\/2022\/wp-json\/wp\/v2\/users\/11529014"}],"replies":[{"embeddable":true,"href":"https:\/\/lyon.wordcamp.org\/2022\/wp-json\/wp\/v2\/comments?post=17"}],"version-history":[{"count":6,"href":"https:\/\/lyon.wordcamp.org\/2022\/wp-json\/wp\/v2\/pages\/17\/revisions"}],"predecessor-version":[{"id":560,"href":"https:\/\/lyon.wordcamp.org\/2022\/wp-json\/wp\/v2\/pages\/17\/revisions\/560"}],"wp:attachment":[{"href":"https:\/\/lyon.wordcamp.org\/2022\/wp-json\/wp\/v2\/media?parent=17"}],"curies":[{"name":"wp","href":"https:\/\/api.w.org\/{rel}","templated":true}]}}