{"id":21,"date":"2022-07-05T22:49:39","date_gmt":"2022-07-05T20:49:39","guid":{"rendered":"https:\/\/lyon.wordcamp.org\/2022\/code-of-conduct\/"},"modified":"2022-09-04T21:48:54","modified_gmt":"2022-09-04T19:48:54","slug":"code-de-conduite","status":"publish","type":"page","link":"https:\/\/lyon.wordcamp.org\/2022\/code-de-conduite\/","title":{"rendered":"Code de conduite"},"content":{"rendered":"\n<div class=\"wp-block-cover alignfull is-light\"><span aria-hidden=\"true\" class=\"wp-block-cover__background has-white-background-color has-background-dim\"><\/span><img loading=\"lazy\" decoding=\"async\" width=\"1707\" height=\"2560\" class=\"wp-block-cover__image-background wp-image-145\" alt=\"\" src=\"https:\/\/lyon.wordcamp.org\/2022\/files\/2022\/08\/ryan-shumway-n5F3fH0lIY-unsplash-scaled.jpeg\" style=\"object-position:52% 0%\" data-object-fit=\"cover\" data-object-position=\"52% 0%\" srcset=\"https:\/\/lyon.wordcamp.org\/2022\/files\/2022\/08\/ryan-shumway-n5F3fH0lIY-unsplash-scaled.jpeg 1707w, https:\/\/lyon.wordcamp.org\/2022\/files\/2022\/08\/ryan-shumway-n5F3fH0lIY-unsplash-200x300.jpeg 200w, https:\/\/lyon.wordcamp.org\/2022\/files\/2022\/08\/ryan-shumway-n5F3fH0lIY-unsplash-683x1024.jpeg 683w, https:\/\/lyon.wordcamp.org\/2022\/files\/2022\/08\/ryan-shumway-n5F3fH0lIY-unsplash-768x1152.jpeg 768w, https:\/\/lyon.wordcamp.org\/2022\/files\/2022\/08\/ryan-shumway-n5F3fH0lIY-unsplash-1024x1536.jpeg 1024w, https:\/\/lyon.wordcamp.org\/2022\/files\/2022\/08\/ryan-shumway-n5F3fH0lIY-unsplash-1365x2048.jpeg 1365w, https:\/\/lyon.wordcamp.org\/2022\/files\/2022\/08\/ryan-shumway-n5F3fH0lIY-unsplash-1200x1800.jpeg 1200w, https:\/\/lyon.wordcamp.org\/2022\/files\/2022\/08\/ryan-shumway-n5F3fH0lIY-unsplash-1980x2970.jpeg 1980w\" sizes=\"auto, (max-width: 1707px) 100vw, 1707px\" \/><div class=\"wp-block-cover__inner-container is-layout-flow wp-block-cover-is-layout-flow\">\n<div class=\"wp-block-cover alignfull\"><span aria-hidden=\"true\" class=\"wp-block-cover__background has-vivid-red-background-color has-background-dim\"><\/span><img loading=\"lazy\" decoding=\"async\" width=\"2048\" height=\"1365\" class=\"wp-block-cover__image-background wp-image-254\" alt=\"\" src=\"https:\/\/lyon.wordcamp.org\/2022\/files\/2022\/08\/48765868428_0257c095f0_k.jpg\" data-object-fit=\"cover\" srcset=\"https:\/\/lyon.wordcamp.org\/2022\/files\/2022\/08\/48765868428_0257c095f0_k.jpg 2048w, https:\/\/lyon.wordcamp.org\/2022\/files\/2022\/08\/48765868428_0257c095f0_k-600x400.jpg 600w, https:\/\/lyon.wordcamp.org\/2022\/files\/2022\/08\/48765868428_0257c095f0_k-1200x800.jpg 1200w, https:\/\/lyon.wordcamp.org\/2022\/files\/2022\/08\/48765868428_0257c095f0_k-300x200.jpg 300w, https:\/\/lyon.wordcamp.org\/2022\/files\/2022\/08\/48765868428_0257c095f0_k-768x512.jpg 768w, https:\/\/lyon.wordcamp.org\/2022\/files\/2022\/08\/48765868428_0257c095f0_k-450x300.jpg 450w, https:\/\/lyon.wordcamp.org\/2022\/files\/2022\/08\/48765868428_0257c095f0_k-1536x1024.jpg 1536w\" sizes=\"auto, (max-width: 2048px) 100vw, 2048px\" \/><div class=\"wp-block-cover__inner-container is-layout-flow wp-block-cover-is-layout-flow\">\n<h1 class=\"has-text-align-center wp-block-heading\">Code de conduite<\/h1>\n<\/div><\/div>\n<\/div><\/div>\n\n\n\n<h3 class=\"wp-block-heading\">1. Objectif<\/h3>\n\n\n\n<p class=\"wp-block-paragraph\">WordCamp Lyon est persuad\u00e9 que notre communaut\u00e9 devrait \u00eatre vraiment ouverte \u00e0 tous. En tant que tel, nous nous engageons \u00e0 fournir un environnement convivial, s\u00fbr et accueillant pour tous, ind\u00e9pendamment du sexe, de l&rsquo;orientation sexuelle, du handicap, de l&rsquo;origine ethnique, de la religion, de l&rsquo;\u00e2ge, de la caste, de la classe sociale, du syst\u00e8me d&rsquo;exploitation pr\u00e9f\u00e9r\u00e9, du langage de programmation ou de l&rsquo;\u00e9diteur de texte, parmi autres caract\u00e9ristiques d&rsquo;identification. <\/p>\n\n\n\n<p class=\"wp-block-paragraph\">Ce code de conduite d\u00e9crit nos attentes en mati\u00e8re de comportement des participants ainsi que les cons\u00e9quences d&rsquo;un comportement inacceptable. Nous invitons tous les sponsors, b\u00e9n\u00e9voles, conf\u00e9renciers, participants et autres participants \u00e0 nous aider \u00e0 r\u00e9aliser une exp\u00e9rience de conf\u00e9rence s\u00fbre et positive pour tous.<\/p>\n\n\n\n<h3 class=\"wp-block-heading\">2. Citoyennet\u00e9 Open Source <\/h3>\n\n\n\n<p class=\"wp-block-paragraph\">Un objectif suppl\u00e9mentaire de ce code de conduite est d&rsquo;accro\u00eetre la citoyennet\u00e9 open source en encourageant les participants \u00e0 reconna\u00eetre et \u00e0 renforcer les relations entre ce que nous faisons et la communaut\u00e9 dans son ensemble.<\/p>\n\n\n\n<p class=\"wp-block-paragraph\">Au service de cet objectif, les organisateurs de WordCamp Lyon prendront des nominations pour des citoyens exemplaires tout au long de l&rsquo;\u00e9v\u00e9nement et reconna\u00eetront certains participants apr\u00e8s la conf\u00e9rence sur le site Web.<\/p>\n\n\n\n<p class=\"wp-block-paragraph\">Si vous voyez quelqu&rsquo;un qui fait un effort suppl\u00e9mentaire pour s&rsquo;assurer que notre communaut\u00e9 est accueillante, amicale et encourage tous les participants \u00e0 contribuer au maximum, nous voulons le savoir. Vous pourrez nommer \u00e0 l\u2019accueil de l\u2019\u00e9v\u00e8nement.<\/p>\n\n\n\n<h3 class=\"wp-block-heading\">3. Comportement attendu<\/h3>\n\n\n\n<ul class=\"wp-block-list\"><li>Faites attention \u00e0 autrui, soyez respectueux et ouverts au partage.<\/li><li>Abstenez-vous de comportements et propos discriminatoires, humiliants ou d\u00e9gradants.<\/li><li>Tenez compte de votre environnement imm\u00e9diat et des autres participants. Pr\u00e9venez les organisateurs si vous remarquez une situation dangereuse ou quelqu\u2019un en d\u00e9tresse.<\/li><li>Participez de mani\u00e8re authentique et active. Ce faisant, vous aiderez \u00e0 faire du WordCamp Lyon un \u00e9v\u00e8nement r\u00e9ussi autant pour vous-m\u00eames que pour les autres participants.<\/li><\/ul>\n\n\n\n<h3 class=\"wp-block-heading\">4. Comportements inacceptables<\/h3>\n\n\n\n<p class=\"wp-block-paragraph\">Les comportements inacceptables incluent : les comportements intimidants, harcelants, abusifs, discriminatoires, d\u00e9sobligeants ou d\u00e9gradants de la part de tout participant au WordCamp Lyon et aux \u00e9v\u00e9nements connexes. <\/p>\n\n\n\n<p class=\"wp-block-paragraph\">Tous les lieux WordCamp Lyon peuvent \u00eatre partag\u00e9s avec des membres du public ; veuillez \u00eatre respectueux envers tous les clients de ces lieux.<\/p>\n\n\n\n<p class=\"wp-block-paragraph\">Le harc\u00e8lement comprend : les commentaires verbaux offensants li\u00e9s au sexe, \u00e0 l&rsquo;orientation sexuelle, \u00e0 la race, \u00e0 la religion, au handicap ; l&rsquo;utilisation inappropri\u00e9e d&rsquo;images de nudit\u00e9 et\/ou \u00e0 caract\u00e8re sexuel dans les espaces publics (y compris les diapositives de pr\u00e9sentation) ; intimidation d\u00e9lib\u00e9r\u00e9e, traque ou poursuite ; harceler la photographie ou l&rsquo;enregistrement ; interruption prolong\u00e9e des pourparlers ou d&rsquo;autres \u00e9v\u00e9nements ; contact physique inappropri\u00e9 et attention sexuelle importune.<\/p>\n\n\n\n<p class=\"wp-block-paragraph\"><\/p>\n\n\n\n<h3 class=\"wp-block-heading\">5. Cons\u00e9quences&nbsp;d\u2019un comportement inacceptable<\/h3>\n\n\n\n<p class=\"wp-block-paragraph\">Les comportements inacceptables ne seront pas tol\u00e9r\u00e9s, qu\u2019ils soient le fait des participants, d\u2019organisateurs, des employ\u00e9s des lieux ou d\u2019autres personnes pr\u00e9sentes sur les lieux de WordCamp Lyon.<\/p>\n\n\n\n<p class=\"wp-block-paragraph\">Quiconque se voit demander d\u2019arr\u00eater d\u2019avoir un comportement inacceptable devra se conformer aux r\u00e8gles imm\u00e9diatement.<\/p>\n\n\n\n<p class=\"wp-block-paragraph\">S\u2019il se trouve qu\u2019un participant prolonge son comportement inacceptable, les organisateurs de la conf\u00e9rence pourront prendre toute action qu\u2019ils estiment n\u00e9cessaires, y compris l\u2019expulsion de la conf\u00e9rence sans avertissement ni remboursement.<\/p>\n\n\n\n<h3 class=\"wp-block-heading\">6. Que faire si vous \u00eates t\u00e9moin ou victime d\u2019un comportement inacceptable&nbsp;?<\/h3>\n\n\n\n<p class=\"wp-block-paragraph\">Si vous \u00eates victime d\u2019un comportement inacceptable durant l\u2019\u00e9v\u00e8nement, que vous remarque que quelqu\u2019un subit un comportement inacceptable, ou que vous avez des doutes, veuillez en parler d\u00e8s que possible \u00e0 l\u2019un des organisateurs de la conf\u00e9rence.<\/p>\n\n\n\n<p class=\"wp-block-paragraph\">L\u2019\u00e9quipe du WordCamp Lyon sera toujours disponible pour aider les participant(e)s \u00e0 contacter le service de s\u00e9curit\u00e9 du lieu ou m\u00eame la police, \u00e0 escorter ou assister celles et ceux qui subissent un comportement inacceptable afin qu\u2019elles\/ils se sentent en s\u00e9curit\u00e9 pendant la dur\u00e9e de l\u2019\u00e9v\u00e8nement.<br><br>Les volontaires qui pr\u00eatent main-forte aux organisateurs porteront un t-shirt distinctif. <br>Tout volontaire pourra vous mener \u00e0 un organisateur de la conf\u00e9rence. Vous pouvez \u00e9galement vous rendre \u00e0 l\u2019accueil et demander \u00e0 parler \u00e0 un organisateur.<\/p>\n\n\n\n<h3 class=\"wp-block-heading\">7. Application<\/h3>\n\n\n\n<p class=\"wp-block-paragraph\">Nous comptons sur tous les participants (sponsors, volontaires, orateurs\/trices, participant-e-s et autres invit\u00e9-e-s) \u00e0 se conformer \u00e0 ce code de conduite pendant la dur\u00e9e de l\u2019\u00e9v\u00e8nement ainsi que durant les \u00e9v\u00e8nements li\u00e9s (d\u00eeners, soir\u00e9es, etc.).<\/p>\n\n\n\n<h3 class=\"wp-block-heading\">8. Information de contact<\/h3>\n\n\n\n<p class=\"wp-block-paragraph\">Vous pouvez contacter les organisateurs par le biais du&nbsp;<a href=\"https:\/\/lyon.wordcamp.org\/2022\/contact\/\" data-type=\"page\" data-id=\"17\">formulaire de contact.<\/a><\/p>\n\n\n\n<p class=\"wp-block-paragraph\">Durant l\u2019\u00e9v\u00e8nement, vous pourrez nous contacter en ligne via Twitter, sur les comptes @wplyon ou sur le hashtag #wclyon.<\/p>\n\n\n\n<h3 class=\"wp-block-heading\">9. Licence d\u2019utilisation&nbsp;et attribution<\/h3>\n\n\n\n<p class=\"wp-block-paragraph\">Ce Code de Conduite est repris directement du travail formidable r\u00e9alis\u00e9 par Open Source Bridge, mais avec les informations propres \u00e0 notre \u00e9v\u00e8nement. <\/p>\n\n\n\n<p class=\"wp-block-paragraph\">L\u2019original se trouve \u00e0 l\u2019adresse&nbsp;<a href=\"http:\/\/opensourcebridge.org\/about\/code-of-conduct\/\">http:\/\/opensourcebridge.org\/about\/code-of-conduct\/<\/a>&nbsp;et est distribu\u00e9 sous licence&nbsp;<a href=\"http:\/\/creativecommons.org\/licenses\/by-sa\/3.0\/\">Creative Commons Attribution-ShareAlike<\/a>.<\/p>\n","protected":false},"excerpt":{"rendered":"<p>1. Objectif WordCamp Lyon est persuad\u00e9 que notre communaut\u00e9 devrait \u00eatre vraiment ouverte \u00e0 tous. En tant que tel, nous nous engageons \u00e0 fournir un environnement convivial, s\u00fbr et accueillant pour tous, ind\u00e9pendamment du sexe, de l&rsquo;orientation sexuelle, du handicap, de l&rsquo;origine ethnique, de la religion, de l&rsquo;\u00e2ge, de la caste, de la classe sociale, [&hellip;]<\/p>\n","protected":false},"author":11529014,"featured_media":145,"parent":0,"menu_order":0,"comment_status":"closed","ping_status":"closed","template":"","meta":{"_crdt_document":"","jetpack_post_was_ever_published":false,"footnotes":""},"class_list":["post-21","page","type-page","status-publish","has-post-thumbnail","hentry"],"jetpack_sharing_enabled":true,"_links":{"self":[{"href":"https:\/\/lyon.wordcamp.org\/2022\/wp-json\/wp\/v2\/pages\/21","targetHints":{"allow":["GET"]}}],"collection":[{"href":"https:\/\/lyon.wordcamp.org\/2022\/wp-json\/wp\/v2\/pages"}],"about":[{"href":"https:\/\/lyon.wordcamp.org\/2022\/wp-json\/wp\/v2\/types\/page"}],"author":[{"embeddable":true,"href":"https:\/\/lyon.wordcamp.org\/2022\/wp-json\/wp\/v2\/users\/11529014"}],"replies":[{"embeddable":true,"href":"https:\/\/lyon.wordcamp.org\/2022\/wp-json\/wp\/v2\/comments?post=21"}],"version-history":[{"count":5,"href":"https:\/\/lyon.wordcamp.org\/2022\/wp-json\/wp\/v2\/pages\/21\/revisions"}],"predecessor-version":[{"id":579,"href":"https:\/\/lyon.wordcamp.org\/2022\/wp-json\/wp\/v2\/pages\/21\/revisions\/579"}],"wp:featuredmedia":[{"embeddable":true,"href":"https:\/\/lyon.wordcamp.org\/2022\/wp-json\/wp\/v2\/media\/145"}],"wp:attachment":[{"href":"https:\/\/lyon.wordcamp.org\/2022\/wp-json\/wp\/v2\/media?parent=21"}],"curies":[{"name":"wp","href":"https:\/\/api.w.org\/{rel}","templated":true}]}}