{"id":265,"date":"2022-08-24T19:28:02","date_gmt":"2022-08-24T17:28:02","guid":{"rendered":"https:\/\/lyon.wordcamp.org\/2022\/?page_id=265"},"modified":"2022-10-01T00:14:45","modified_gmt":"2022-09-30T22:14:45","slug":"devenez-orateur","status":"publish","type":"page","link":"https:\/\/lyon.wordcamp.org\/2022\/devenez-orateur\/","title":{"rendered":"Devenez orateur"},"content":{"rendered":"\n<div class=\"wp-block-cover alignfull is-light\"><span aria-hidden=\"true\" class=\"wp-block-cover__background has-white-background-color has-background-dim\"><\/span><img loading=\"lazy\" decoding=\"async\" width=\"1707\" height=\"2560\" class=\"wp-block-cover__image-background wp-image-145\" alt=\"\" src=\"https:\/\/lyon.wordcamp.org\/2022\/files\/2022\/08\/ryan-shumway-n5F3fH0lIY-unsplash-scaled.jpeg\" style=\"object-position:52% 0%\" data-object-fit=\"cover\" data-object-position=\"52% 0%\" srcset=\"https:\/\/lyon.wordcamp.org\/2022\/files\/2022\/08\/ryan-shumway-n5F3fH0lIY-unsplash-scaled.jpeg 1707w, https:\/\/lyon.wordcamp.org\/2022\/files\/2022\/08\/ryan-shumway-n5F3fH0lIY-unsplash-200x300.jpeg 200w, https:\/\/lyon.wordcamp.org\/2022\/files\/2022\/08\/ryan-shumway-n5F3fH0lIY-unsplash-683x1024.jpeg 683w, https:\/\/lyon.wordcamp.org\/2022\/files\/2022\/08\/ryan-shumway-n5F3fH0lIY-unsplash-768x1152.jpeg 768w, https:\/\/lyon.wordcamp.org\/2022\/files\/2022\/08\/ryan-shumway-n5F3fH0lIY-unsplash-1024x1536.jpeg 1024w, https:\/\/lyon.wordcamp.org\/2022\/files\/2022\/08\/ryan-shumway-n5F3fH0lIY-unsplash-1365x2048.jpeg 1365w, https:\/\/lyon.wordcamp.org\/2022\/files\/2022\/08\/ryan-shumway-n5F3fH0lIY-unsplash-1200x1800.jpeg 1200w, https:\/\/lyon.wordcamp.org\/2022\/files\/2022\/08\/ryan-shumway-n5F3fH0lIY-unsplash-1980x2970.jpeg 1980w\" sizes=\"auto, (max-width: 1707px) 100vw, 1707px\" \/><div class=\"wp-block-cover__inner-container is-layout-flow wp-block-cover-is-layout-flow\">\n<div class=\"wp-block-cover alignfull\"><span aria-hidden=\"true\" class=\"wp-block-cover__background has-vivid-red-background-color has-background-dim\"><\/span><img loading=\"lazy\" decoding=\"async\" width=\"799\" height=\"533\" class=\"wp-block-cover__image-background wp-image-822\" alt=\"\" src=\"https:\/\/lyon.wordcamp.org\/2022\/files\/2022\/07\/27117069787_87f4344595_c.jpg\" style=\"object-position:47% 13%\" data-object-fit=\"cover\" data-object-position=\"47% 13%\" srcset=\"https:\/\/lyon.wordcamp.org\/2022\/files\/2022\/07\/27117069787_87f4344595_c.jpg 799w, https:\/\/lyon.wordcamp.org\/2022\/files\/2022\/07\/27117069787_87f4344595_c-600x400.jpg 600w, https:\/\/lyon.wordcamp.org\/2022\/files\/2022\/07\/27117069787_87f4344595_c-300x200.jpg 300w, https:\/\/lyon.wordcamp.org\/2022\/files\/2022\/07\/27117069787_87f4344595_c-768x512.jpg 768w, https:\/\/lyon.wordcamp.org\/2022\/files\/2022\/07\/27117069787_87f4344595_c-450x300.jpg 450w\" sizes=\"auto, (max-width: 799px) 100vw, 799px\" \/><div class=\"wp-block-cover__inner-container is-layout-flow wp-block-cover-is-layout-flow\">\n<h1 class=\"has-text-align-center wp-block-heading\">Devenez orateur\/oratrice<\/h1>\n<\/div><\/div>\n<\/div><\/div>\n\n\n\n<h2 class=\"wp-block-heading\"><strong>Et si vous \u00e9tiez orateur\/trice<br>au prochain WordCamp Lyon ?<\/strong><\/h2>\n\n\n\n<p class=\"has-text-color wp-block-paragraph\" style=\"color:#ff252c\"><strong>L\u2019appel \u00e0 orateurs est termin\u00e9 <\/strong>!<\/p>\n\n\n\n<p class=\"wp-block-paragraph\">Le <strong>vendredi 28 octobre 2022<\/strong> se tiendra le deuxi\u00e8me WordCamp Lyon. <\/p>\n\n\n\n<p class=\"wp-block-paragraph\">Ce sera l\u2019occasion pour nombre de membres de la communaut\u00e9 WP fran\u00e7aise de se retrouver afin d\u2019\u00e9changer, d\u2019apprendre\u2026 et de s\u2019amuser autour de WordPress.<\/p>\n\n\n\n<p class=\"wp-block-paragraph\">Un WordCamp, c\u2019est avant tout des conf\u00e9rences sur WordPress et son \u00e9cosyst\u00e8me (BuddyPress, Gutenberg&#8230;). Mais de quoi y parle-t-on exactement ? Vous voulez quelques exemples ? C\u2019est parti !<\/p>\n\n\n\n<div style=\"height:30px\" aria-hidden=\"true\" class=\"wp-block-spacer\"><\/div>\n\n\n\n<figure class=\"wp-block-gallery has-nested-images columns-default is-cropped wp-block-gallery-1 is-layout-flex wp-block-gallery-is-layout-flex\">\n<figure class=\"wp-block-image size-large\"><img loading=\"lazy\" decoding=\"async\" width=\"800\" height=\"450\" data-id=\"370\" src=\"https:\/\/lyon.wordcamp.org\/2022\/files\/2022\/08\/33240987780_9f1009eaeb_c.jpg\" alt=\"\" class=\"wp-image-370\" srcset=\"https:\/\/lyon.wordcamp.org\/2022\/files\/2022\/08\/33240987780_9f1009eaeb_c.jpg 800w, https:\/\/lyon.wordcamp.org\/2022\/files\/2022\/08\/33240987780_9f1009eaeb_c-600x338.jpg 600w, https:\/\/lyon.wordcamp.org\/2022\/files\/2022\/08\/33240987780_9f1009eaeb_c-300x169.jpg 300w, https:\/\/lyon.wordcamp.org\/2022\/files\/2022\/08\/33240987780_9f1009eaeb_c-768x432.jpg 768w, https:\/\/lyon.wordcamp.org\/2022\/files\/2022\/08\/33240987780_9f1009eaeb_c-500x281.jpg 500w\" sizes=\"auto, (max-width: 800px) 100vw, 800px\" \/><\/figure>\n\n\n\n<figure class=\"wp-block-image size-large\"><img loading=\"lazy\" decoding=\"async\" width=\"800\" height=\"450\" data-id=\"371\" src=\"https:\/\/lyon.wordcamp.org\/2022\/files\/2022\/08\/33583562236_40083bc78c_c.jpg\" alt=\"\" class=\"wp-image-371\" srcset=\"https:\/\/lyon.wordcamp.org\/2022\/files\/2022\/08\/33583562236_40083bc78c_c.jpg 800w, https:\/\/lyon.wordcamp.org\/2022\/files\/2022\/08\/33583562236_40083bc78c_c-600x338.jpg 600w, https:\/\/lyon.wordcamp.org\/2022\/files\/2022\/08\/33583562236_40083bc78c_c-300x169.jpg 300w, https:\/\/lyon.wordcamp.org\/2022\/files\/2022\/08\/33583562236_40083bc78c_c-768x432.jpg 768w, https:\/\/lyon.wordcamp.org\/2022\/files\/2022\/08\/33583562236_40083bc78c_c-500x281.jpg 500w\" sizes=\"auto, (max-width: 800px) 100vw, 800px\" \/><\/figure>\n\n\n\n<figure class=\"wp-block-image size-large\"><img loading=\"lazy\" decoding=\"async\" width=\"799\" height=\"533\" data-id=\"372\" src=\"https:\/\/lyon.wordcamp.org\/2022\/files\/2022\/08\/33467718232_5f859b491c_c.jpg\" alt=\"\" class=\"wp-image-372\" srcset=\"https:\/\/lyon.wordcamp.org\/2022\/files\/2022\/08\/33467718232_5f859b491c_c.jpg 799w, https:\/\/lyon.wordcamp.org\/2022\/files\/2022\/08\/33467718232_5f859b491c_c-600x400.jpg 600w, https:\/\/lyon.wordcamp.org\/2022\/files\/2022\/08\/33467718232_5f859b491c_c-300x200.jpg 300w, https:\/\/lyon.wordcamp.org\/2022\/files\/2022\/08\/33467718232_5f859b491c_c-768x512.jpg 768w, https:\/\/lyon.wordcamp.org\/2022\/files\/2022\/08\/33467718232_5f859b491c_c-450x300.jpg 450w\" sizes=\"auto, (max-width: 799px) 100vw, 799px\" \/><\/figure>\n\n\n\n<figure class=\"wp-block-image size-large\"><img loading=\"lazy\" decoding=\"async\" width=\"799\" height=\"533\" data-id=\"373\" src=\"https:\/\/lyon.wordcamp.org\/2022\/files\/2022\/08\/33240936650_ea62dafb09_c.jpg\" alt=\"\" class=\"wp-image-373\" srcset=\"https:\/\/lyon.wordcamp.org\/2022\/files\/2022\/08\/33240936650_ea62dafb09_c.jpg 799w, https:\/\/lyon.wordcamp.org\/2022\/files\/2022\/08\/33240936650_ea62dafb09_c-600x400.jpg 600w, https:\/\/lyon.wordcamp.org\/2022\/files\/2022\/08\/33240936650_ea62dafb09_c-300x200.jpg 300w, https:\/\/lyon.wordcamp.org\/2022\/files\/2022\/08\/33240936650_ea62dafb09_c-768x512.jpg 768w, https:\/\/lyon.wordcamp.org\/2022\/files\/2022\/08\/33240936650_ea62dafb09_c-450x300.jpg 450w\" sizes=\"auto, (max-width: 799px) 100vw, 799px\" \/><\/figure>\n<\/figure>\n\n\n\n<div style=\"height:30px\" aria-hidden=\"true\" class=\"wp-block-spacer\"><\/div>\n\n\n\n<h3 class=\"wp-block-heading\"><strong>Le format<\/strong><\/h3>\n\n\n\n<p class=\"wp-block-paragraph\">Nous proposons deux formats conf\u00e9rence <strong>de 20mn ou 40mn<\/strong> suivi de questions\/r\u00e9ponses (5 minutes).<\/p>\n\n\n\n<h3 class=\"wp-block-heading\"><strong>Les salles<\/strong><\/h3>\n\n\n\n<p class=\"wp-block-paragraph\"><a href=\"https:\/\/lyon.wordcamp.org\/2022\/lieu\/\" data-type=\"page\" data-id=\"11\">L&#8217;embarcad\u00e8re<\/a> propose 2 salles de conf\u00e9rences : une grande qui peut accueillir 300 personnes, et une petite qui en accueille 70. <\/p>\n\n\n\n<p class=\"wp-block-paragraph\">C&rsquo;est dans la grande salle que seront abord\u00e9s les <strong>sujets grand public<\/strong> les plus divers. La petite sera d\u00e9di\u00e9e quant-\u00e0-elle \u00e0 des <strong>conf\u00e9rences plus techniques<\/strong>, pour les initi\u00e9s et ceux qui cherchent \u00e0 am\u00e9liorer leurs comp\u00e9tences WordPress.<\/p>\n\n\n\n<h2 class=\"wp-block-heading\"><strong>Quels sujets aborder ?<\/strong><\/h2>\n\n\n\n<p class=\"wp-block-paragraph\">C&rsquo;est vous qui choisissez ! Voici un exemples des sujets habituellement abord\u00e9s&nbsp;:<\/p>\n\n\n\n<h3 class=\"wp-block-heading\"><strong>De la technique<\/strong><\/h3>\n\n\n\n<p class=\"wp-block-paragraph\">Les conf\u00e9rences d\u2019un WordCamp sont-elles forc\u00e9ment toutes techniques ? Non bien s\u00fbr. Mais c\u2019est quand m\u00eame l\u2019occasion de b\u00e9n\u00e9ficier de conf\u00e9rences sur les bonnes pratiques techniques pour WordPress (d\u00e9veloppements d\u2019extensions et de th\u00e8mes, performance, s\u00e9curit\u00e9, d\u00e9ploiements, etc.).<\/p>\n\n\n\n<h3 class=\"wp-block-heading\"><strong>Des \u00e9tudes de cas<\/strong><\/h3>\n\n\n\n<p class=\"wp-block-paragraph\">Vous \u00eates d\u00e9cisionnaire en entreprise ? Entrepreneur ? Agence ? Freelance ? Responsable associatif ? Alors que peut-on faire avec WordPress ? Des orateurs viennent pr\u00e9senter leurs r\u00e9alisations WordPress avec les bons et les mauvais c\u00f4t\u00e9s (pas de blah blah). On peut aussi parler de comment on monte un projet WordPress.<\/p>\n\n\n\n<h3 class=\"wp-block-heading\"><strong>Du marketing<\/strong><\/h3>\n\n\n\n<p class=\"wp-block-paragraph\">WordPress peut \u00eatre un tr\u00e8s bon outil marketing. SEO, Analytics, social : quelles sont les bonnes pratiques pour tirer le maximum de WordPress et soigner son marketing en ligne ?<\/p>\n\n\n\n<h3 class=\"wp-block-heading\"><strong>L\u2019\u00e9cosyst\u00e8me WordPress<\/strong><\/h3>\n\n\n\n<p class=\"wp-block-paragraph\">WordPress, c\u2019est un logiciel mais c\u2019est aussi un \u00e9cosyst\u00e8me : th\u00e8mes, extensions, h\u00e9bergeurs, services SaaS, gratuit ou premium ? Comment on s\u2019y retrouve ? Comment choisir ? Comment profiter au maximum de cet \u00e9cosyst\u00e8me ?<\/p>\n\n\n\n<h3 class=\"wp-block-heading\"><strong>Au-del\u00e0 de WordPress et vers l\u2019infini<\/strong><\/h3>\n\n\n\n<p class=\"wp-block-paragraph\">WordPress peut \u00eatre un peu plus qu\u2019un CMS. Ajoutez-y une pinc\u00e9e de BuddyPress et le voil\u00e0 r\u00e9seau social ; installez bbPress et vous aurez un forum de discussion. Deux exemples parmi beaucoup d\u2019autres sur les 1001 visages de WordPress.<\/p>\n\n\n\n<h3 class=\"wp-block-heading\"><strong>La communaut\u00e9<\/strong><\/h3>\n\n\n\n<p class=\"wp-block-paragraph\">Essentielle ! Comment organise-t-on un meetup, un WordCamp ? Comment peut-on participer et s\u2019impliquer dans le d\u00e9veloppement de WordPress (qu\u2019on soit technicien ou pas) ?<\/p>\n\n\n\n<h2 class=\"wp-block-heading\"><strong>Alors, pr\u00eat(e) pour \u00eatre orateur ou oratrice au prochain WordCamp ?<\/strong><\/h2>\n\n\n\n<p class=\"wp-block-paragraph\"><strong>Pourquoi pas vous ? <\/strong><\/p>\n\n\n\n<p class=\"wp-block-paragraph\">Il n\u2019y a pas besoin d\u2019\u00eatre un orateur ou une oratrice professionnel(le). <\/p>\n\n\n\n<p class=\"wp-block-paragraph\">La communaut\u00e9 est bienveillante, et m\u00eame avide d\u2019apprendre et d\u2019\u00e9changer avec de nouveaux talents.  Si vous pensez pouvoir d\u00e9velopper un sujet dont vous \u00eates fier(e) et de le partager, n\u2019h\u00e9sitez pas une seconde ! <br>L\u2019exp\u00e9rience en vaut le coup.<\/p>\n\n\n\n<p class=\"wp-block-paragraph\"><strong>N&rsquo;h\u00e9sitez pas \u00e0 proposer plusieurs sujets, mais un seul maximum sera retenu par personne !<\/strong> Faites-nous part de vos sujets pr\u00e9f\u00e9r\u00e9s dans le champ \u00ab&nbsp;un petit mot \u00e0 l&rsquo;\u00e9quipe d&rsquo;organisation&nbsp;\u00bb dans le formulaire ci-dessous.<\/p>\n\n\n\n<p class=\"has-text-color wp-block-paragraph\" style=\"color:#ff252c\"><strong>L\u2019appel \u00e0 orateurs est termin\u00e9 <\/strong>!<\/p>\n","protected":false},"excerpt":{"rendered":"<p>Et si vous \u00e9tiez orateur\/triceau prochain WordCamp Lyon ? L\u2019appel \u00e0 orateurs est termin\u00e9 ! Le vendredi 28 octobre 2022 se tiendra le deuxi\u00e8me WordCamp Lyon. Ce sera l\u2019occasion pour nombre de membres de la communaut\u00e9 WP fran\u00e7aise de se retrouver afin d\u2019\u00e9changer, d\u2019apprendre\u2026 et de s\u2019amuser autour de WordPress. Un WordCamp, c\u2019est avant tout [&hellip;]<\/p>\n","protected":false},"author":11552840,"featured_media":0,"parent":0,"menu_order":0,"comment_status":"closed","ping_status":"closed","template":"","meta":{"_crdt_document":"","footnotes":""},"class_list":["post-265","page","type-page","status-publish","hentry"],"jetpack_sharing_enabled":true,"_links":{"self":[{"href":"https:\/\/lyon.wordcamp.org\/2022\/wp-json\/wp\/v2\/pages\/265","targetHints":{"allow":["GET"]}}],"collection":[{"href":"https:\/\/lyon.wordcamp.org\/2022\/wp-json\/wp\/v2\/pages"}],"about":[{"href":"https:\/\/lyon.wordcamp.org\/2022\/wp-json\/wp\/v2\/types\/page"}],"author":[{"embeddable":true,"href":"https:\/\/lyon.wordcamp.org\/2022\/wp-json\/wp\/v2\/users\/11552840"}],"replies":[{"embeddable":true,"href":"https:\/\/lyon.wordcamp.org\/2022\/wp-json\/wp\/v2\/comments?post=265"}],"version-history":[{"count":33,"href":"https:\/\/lyon.wordcamp.org\/2022\/wp-json\/wp\/v2\/pages\/265\/revisions"}],"predecessor-version":[{"id":1763,"href":"https:\/\/lyon.wordcamp.org\/2022\/wp-json\/wp\/v2\/pages\/265\/revisions\/1763"}],"wp:attachment":[{"href":"https:\/\/lyon.wordcamp.org\/2022\/wp-json\/wp\/v2\/media?parent=265"}],"curies":[{"name":"wp","href":"https:\/\/api.w.org\/{rel}","templated":true}]}}